{"id":29146,"date":"2024-06-07T17:11:30","date_gmt":"2024-06-07T15:11:30","guid":{"rendered":"https:\/\/serviclean.be\/produit\/schwarze-mikro-gepraegte-servietten-2-lagig-1-4-falz-38x38-cm\/"},"modified":"2024-06-07T17:11:30","modified_gmt":"2024-06-07T15:11:30","slug":"schwarze-mikro-gepraegte-servietten-2-lagig-1-4-falz-38x38-cm","status":"publish","type":"product","link":"https:\/\/serviclean.be\/de\/produit\/schwarze-mikro-gepraegte-servietten-2-lagig-1-4-falz-38x38-cm\/","title":{"rendered":"Schwarze Mikro-gepr\u00e4gte Servietten, 2-lagig, 1\/4-Falz \u2013 38&#215;38 cm"},"content":{"rendered":"<p>Die mikrogepr\u00e4gten Zellstoffservietten sind in einer breiten Farbpalette erh\u00e4ltlich, passend zu unseren anderen farbigen Produktreihen. Sie sind leicht zu falten und in zwei Gr\u00f6\u00dfen verf\u00fcgbar, sodass sie sich f\u00fcr alle Ihre Mahlzeiten, Cocktails, Kaffeepausen oder Brunches eignen. <\/p>\n<h4><strong>FORMAT(E)<\/strong><\/h4>\n<ul class=\"items-list\">\n<li>25 \u00d7 25 cm<\/li>\n<li>38 \u00d7 38 cm<\/li>\n<\/ul>\n<p><strong>St\u00e4rke: <\/strong><\/p>\n<p>2-lagig.<\/p>\n<p><strong>Material: <\/strong><\/p>\n<p>Reine mikrogepr\u00e4gte Zellstoffwatte \u2013 FSC-zertifiziert<\/p>\n","protected":false},"excerpt":{"rendered":"<p>Schwarze Servietten aus mikrogepr\u00e4gter Zellstoffwatte, 2-lagig, 1\/4-Falz (38&#215;38 cm)<\/p>\n<p>Verkauf in einem Karton mit 24&#215;50 St\u00fcck.<\/p>\n<p><span style=\"color: #008000;\"><strong>Art.-Nr.: 11487<\/strong><\/span><\/p>\n","protected":false},"featured_media":29148,"template":"","meta":[],"product_brand":[],"product_cat":[601],"product_tag":[],"class_list":{"0":"post-29146","1":"product","2":"type-product","3":"status-publish","4":"has-post-thumbnail","6":"product_cat-tischservietten","8":"first","9":"instock","10":"taxable","11":"shipping-taxable","12":"purchasable","13":"product-type-simple"},"acf":[],"_links":{"self":[{"href":"https:\/\/serviclean.be\/de\/wp-json\/wp\/v2\/product\/29146","targetHints":{"allow":["GET"]}}],"collection":[{"href":"https:\/\/serviclean.be\/de\/wp-json\/wp\/v2\/product"}],"about":[{"href":"https:\/\/serviclean.be\/de\/wp-json\/wp\/v2\/types\/product"}],"wp:featuredmedia":[{"embeddable":true,"href":"https:\/\/serviclean.be\/de\/wp-json\/wp\/v2\/media\/29148"}],"wp:attachment":[{"href":"https:\/\/serviclean.be\/de\/wp-json\/wp\/v2\/media?parent=29146"}],"wp:term":[{"taxonomy":"product_brand","embeddable":true,"href":"https:\/\/serviclean.be\/de\/wp-json\/wp\/v2\/product_brand?post=29146"},{"taxonomy":"product_cat","embeddable":true,"href":"https:\/\/serviclean.be\/de\/wp-json\/wp\/v2\/product_cat?post=29146"},{"taxonomy":"product_tag","embeddable":true,"href":"https:\/\/serviclean.be\/de\/wp-json\/wp\/v2\/product_tag?post=29146"}],"curies":[{"name":"wp","href":"https:\/\/api.w.org\/{rel}","templated":true}]}}