{"id":29133,"date":"2025-09-17T17:54:02","date_gmt":"2025-09-17T15:54:02","guid":{"rendered":"https:\/\/serviclean.be\/produit\/demineralisiertes-wasser-5-l-forever\/"},"modified":"2025-09-17T17:54:02","modified_gmt":"2025-09-17T15:54:02","slug":"demineralisiertes-wasser-5-l-forever","status":"publish","type":"product","link":"https:\/\/serviclean.be\/de\/produit\/demineralisiertes-wasser-5-l-forever\/","title":{"rendered":"Demineralisiertes Wasser 5 L \u2013 Forever"},"content":{"rendered":"<p>Das demineralisierte Wasser Forever ist von Mineralsalzen und Verunreinigungen gereinigt f\u00fcr eine optimale Anwendung in zahlreichen Ger\u00e4ten sowie im privaten oder professionellen Bereich. Es ist ideal f\u00fcr B\u00fcgeleisen, Batterien, Dampfreiniger, Fensterreiniger oder auch im Labor. <\/p>\n<p>Dank seiner neutralen Zusammensetzung verhindert es Kalkablagerungen und sch\u00fctzt kalkempfindliche Ger\u00e4te, wodurch deren Lebensdauer verl\u00e4ngert wird.<\/p>\n<p><strong>Technische Informationen<\/strong><\/p>\n<ul>\n<li>Typ: Gereinigtes demineralisiertes Wasser<\/li>\n<li>Inhalt: 5 Liter<\/li>\n<\/ul>\n<p><strong>Anwendungen:<\/strong><\/p>\n<ul>\n<li>B\u00fcgeleisen<\/li>\n<li>Batterien (Auto, Motorrad, etc.)<\/li>\n<li>Dampfreiniger<\/li>\n<li>Fensterreiniger<\/li>\n<li>Labor und technische Reinigung<\/li>\n<\/ul>\n<p><strong>Vorteile:<\/strong><\/p>\n<ul>\n<li>Verhindert Kalkablagerungen<\/li>\n<li>Verl\u00e4ngert die Lebensdauer von Ger\u00e4ten<\/li>\n<li>Keine mineralischen R\u00fcckst\u00e4nde<\/li>\n<\/ul>\n","protected":false},"excerpt":{"rendered":"<p>Reines demineralisiertes Wasser 5 L. Ideal f\u00fcr B\u00fcgeleisen, Batterien, Dampfreiniger, etc. Sch\u00fctzt Ihre Ger\u00e4te vor Kalk.<br \/>\n<span style=\"color: #008000;\"><strong>Art.-Nr.: 1016<\/strong><\/span><\/p>\n","protected":false},"featured_media":29138,"template":"","meta":[],"product_brand":[],"product_cat":[615,576,602,599],"product_tag":[],"class_list":{"0":"post-29133","1":"product","2":"type-product","3":"status-publish","4":"has-post-thumbnail","6":"product_cat-waschepflege","7":"product_cat-fensterreinigungszubehor","8":"product_cat-waschmittel-und-weichspuler","9":"product_cat-werkstatten-karosserien","11":"first","12":"instock","13":"taxable","14":"shipping-taxable","15":"purchasable","16":"product-type-simple"},"acf":[],"_links":{"self":[{"href":"https:\/\/serviclean.be\/de\/wp-json\/wp\/v2\/product\/29133","targetHints":{"allow":["GET"]}}],"collection":[{"href":"https:\/\/serviclean.be\/de\/wp-json\/wp\/v2\/product"}],"about":[{"href":"https:\/\/serviclean.be\/de\/wp-json\/wp\/v2\/types\/product"}],"wp:featuredmedia":[{"embeddable":true,"href":"https:\/\/serviclean.be\/de\/wp-json\/wp\/v2\/media\/29138"}],"wp:attachment":[{"href":"https:\/\/serviclean.be\/de\/wp-json\/wp\/v2\/media?parent=29133"}],"wp:term":[{"taxonomy":"product_brand","embeddable":true,"href":"https:\/\/serviclean.be\/de\/wp-json\/wp\/v2\/product_brand?post=29133"},{"taxonomy":"product_cat","embeddable":true,"href":"https:\/\/serviclean.be\/de\/wp-json\/wp\/v2\/product_cat?post=29133"},{"taxonomy":"product_tag","embeddable":true,"href":"https:\/\/serviclean.be\/de\/wp-json\/wp\/v2\/product_tag?post=29133"}],"curies":[{"name":"wp","href":"https:\/\/api.w.org\/{rel}","templated":true}]}}