{"id":29130,"date":"2025-09-17T18:03:25","date_gmt":"2025-09-17T16:03:25","guid":{"rendered":"https:\/\/serviclean.be\/produit\/haushaltsalkohol-zitrone-500-ml-allzweckreiniger\/"},"modified":"2025-09-17T18:03:25","modified_gmt":"2025-09-17T16:03:25","slug":"haushaltsalkohol-zitrone-500-ml-allzweckreiniger","status":"publish","type":"product","link":"https:\/\/serviclean.be\/de\/produit\/haushaltsalkohol-zitrone-500-ml-allzweckreiniger\/","title":{"rendered":"Haushaltsalkohol Zitrone 500 ml \u2013 Allzweckreiniger"},"content":{"rendered":"<p>Der Haushaltsalkohol Zitrone Forever im 500-ml-Format ist ein ideales Mehrzweckprodukt f\u00fcr die t\u00e4gliche Hauspflege. Dank seiner desinfizierenden und entfettenden Formel reinigt er Oberfl\u00e4chen effektiv und hinterl\u00e4sst einen frischen Zitronenduft. <\/p>\n<p>Er eignet sich perfekt zum Gl\u00e4nzendmachen von Fenstern, Arbeitsfl\u00e4chen, Sp\u00fclen, Kochfeldern, Badezimmern und anderen waschbaren Oberfl\u00e4chen. Schnell trocknend, ohne Nachsp\u00fclen, hinterl\u00e4sst er keine Streifen. <\/p>\n<p><strong>Technische Informationen<\/strong><\/p>\n<ul>\n<li>Inhalt: 500 ml<\/li>\n<li>Duft: Zitrone<\/li>\n<li>Wirkungen: Reinigend, entfettend, desinfizierend<\/li>\n<li>Oberfl\u00e4chen: Fenster, K\u00fcche, Bad, Fliesen, Edelstahl usw.<\/li>\n<\/ul>\n<p><strong>Vorteile:<\/strong><\/p>\n<ul>\n<li>Trocknet schnell<\/li>\n<li>Ohne Nachsp\u00fclen<\/li>\n<li>Hinterl\u00e4sst keine Streifen<\/li>\n<li>Hinterl\u00e4sst einen frischen Duft<\/li>\n<\/ul>\n","protected":false},"excerpt":{"rendered":"<p>Haushaltsalkohol Zitronenduft 500 ml. Reinigt, entfettet, desinfiziert. Streifenfreier Glanz, ohne Nachsp\u00fclen. Frischer Duft.   <\/p>\n<p><strong><span style=\"color: #008000;\">Ref.: 0061<\/span><\/strong><\/p>\n","protected":false},"featured_media":29132,"template":"","meta":[],"product_brand":[],"product_cat":[597,605,574,593],"product_tag":[],"class_list":{"0":"post-29130","1":"product","2":"type-product","3":"status-publish","4":"has-post-thumbnail","6":"product_cat-fettloser","7":"product_cat-entfettungsprodukte","8":"product_cat-hand-und-flachendesinfektion","9":"product_cat-produkte-fur-glas-und-oberflachen","11":"first","12":"instock","13":"taxable","14":"shipping-taxable","15":"purchasable","16":"product-type-simple"},"acf":[],"_links":{"self":[{"href":"https:\/\/serviclean.be\/de\/wp-json\/wp\/v2\/product\/29130","targetHints":{"allow":["GET"]}}],"collection":[{"href":"https:\/\/serviclean.be\/de\/wp-json\/wp\/v2\/product"}],"about":[{"href":"https:\/\/serviclean.be\/de\/wp-json\/wp\/v2\/types\/product"}],"wp:featuredmedia":[{"embeddable":true,"href":"https:\/\/serviclean.be\/de\/wp-json\/wp\/v2\/media\/29132"}],"wp:attachment":[{"href":"https:\/\/serviclean.be\/de\/wp-json\/wp\/v2\/media?parent=29130"}],"wp:term":[{"taxonomy":"product_brand","embeddable":true,"href":"https:\/\/serviclean.be\/de\/wp-json\/wp\/v2\/product_brand?post=29130"},{"taxonomy":"product_cat","embeddable":true,"href":"https:\/\/serviclean.be\/de\/wp-json\/wp\/v2\/product_cat?post=29130"},{"taxonomy":"product_tag","embeddable":true,"href":"https:\/\/serviclean.be\/de\/wp-json\/wp\/v2\/product_tag?post=29130"}],"curies":[{"name":"wp","href":"https:\/\/api.w.org\/{rel}","templated":true}]}}