{"id":29123,"date":"2025-09-23T12:58:49","date_gmt":"2025-09-23T10:58:49","guid":{"rendered":"https:\/\/serviclean.be\/produit\/bulkysoft-facial-tissue-classic-100-tuecher-box\/"},"modified":"2025-09-23T12:58:49","modified_gmt":"2025-09-23T10:58:49","slug":"bulkysoft-facial-tissue-classic-100-tuecher-box","status":"publish","type":"product","link":"https:\/\/serviclean.be\/de\/produit\/bulkysoft-facial-tissue-classic-100-tuecher-box\/","title":{"rendered":"BulkySoft Facial Tissue Classic \u2013 100 T\u00fccher\/Box"},"content":{"rendered":"<p>Die BulkySoft Facial Tissue 100 Classic Box bietet Komfort, Weichheit und Widerstandsf\u00e4higkeit f\u00fcr den Alltag.<br \/>\nDiese 2-lagigen Taschent\u00fccher messen 21 x 21 cm und sind dermatologisch getestet, um f\u00fcr alle Hauttypen, selbst f\u00fcr empfindliche Haut, geeignet zu sein.<\/p>\n<p>Zertifiziert nach PEFC (18-31-130) und Ecolabel, erf\u00fcllen sie Umweltstandards und garantieren gleichzeitig Premium-Qualit\u00e4t.<br \/>\nPraktisch und elegant finden sie ihren Platz in B\u00fcros, Hotels, Gesch\u00e4ften, Gesundheitseinrichtungen oder zu Hause.<\/p>\n<p>Verpackt in Boxen zu 100 T\u00fcchern, mit einer wirtschaftlichen Verpackung von 40 Boxen pro Karton, vereinen sie Hygiene, Praktikabilit\u00e4t und Umweltschutz.<\/p>\n<p><strong>Technische Daten:<\/strong><\/p>\n<ul>\n<li>Produktname: BulkySoft Facial Tissue 100 Classic<\/li>\n<li>Format: 100 T\u00fccher pro Box<\/li>\n<li>Ma\u00dfe: 21 x 21 cm<\/li>\n<li>St\u00e4rke: 2-lagig<\/li>\n<\/ul>\n<p><strong>Zertifizierung:<\/strong><\/p>\n<p>PEFC Nr. 18-31-130<\/p>\n<p>EU Ecolabel<\/p>\n<p><strong>Eigenschaften:<\/strong><\/p>\n<ul>\n<li>Dermatologisch getestet<\/li>\n<li>Weich und widerstandsf\u00e4hig<\/li>\n<li>F\u00fcr empfindliche Haut geeignet<\/li>\n<\/ul>\n<p><strong>Verpackung:<\/strong><\/p>\n<ul>\n<li>100 T\u00fccher \/ Box<\/li>\n<li>40 Boxen pro Karton (4.000 T\u00fccher)<\/li>\n<\/ul>\n<p><strong>Anwendungsbereiche:<\/strong><\/p>\n<ul>\n<li>B\u00fcros<\/li>\n<li>Hotels und Gewerbe<\/li>\n<li>\u00d6ffentliche Einrichtungen und Gesundheitswesen<\/li>\n<li>Privatgebrauch<\/li>\n<\/ul>\n","protected":false},"excerpt":{"rendered":"<p>Box mit 100 BulkySoft Classic T\u00fcchern, 2-lagig (21&#215;21 cm). Dermatologisch getestet, PEFC- &amp; Ecolabel-zertifiziert. Weich, stark und umweltfreundlich.  <\/p>\n<p><span style=\"color: #008000;\"><strong>Ref: 10066, 5992<\/strong><\/span><\/p>\n","protected":false},"featured_media":29125,"template":"","meta":[],"product_brand":[],"product_cat":[619,620,571,598],"product_tag":[],"class_list":{"0":"post-29123","1":"product","2":"type-product","3":"status-publish","4":"has-post-thumbnail","6":"product_cat-medizinische-hygiene","7":"product_cat-covid-19-ausrustung","8":"product_cat-handhygiene","9":"product_cat-hygiene-reinigung","11":"first","12":"instock","13":"taxable","14":"shipping-taxable","15":"purchasable","16":"product-type-variable"},"acf":[],"_links":{"self":[{"href":"https:\/\/serviclean.be\/de\/wp-json\/wp\/v2\/product\/29123","targetHints":{"allow":["GET"]}}],"collection":[{"href":"https:\/\/serviclean.be\/de\/wp-json\/wp\/v2\/product"}],"about":[{"href":"https:\/\/serviclean.be\/de\/wp-json\/wp\/v2\/types\/product"}],"wp:featuredmedia":[{"embeddable":true,"href":"https:\/\/serviclean.be\/de\/wp-json\/wp\/v2\/media\/29125"}],"wp:attachment":[{"href":"https:\/\/serviclean.be\/de\/wp-json\/wp\/v2\/media?parent=29123"}],"wp:term":[{"taxonomy":"product_brand","embeddable":true,"href":"https:\/\/serviclean.be\/de\/wp-json\/wp\/v2\/product_brand?post=29123"},{"taxonomy":"product_cat","embeddable":true,"href":"https:\/\/serviclean.be\/de\/wp-json\/wp\/v2\/product_cat?post=29123"},{"taxonomy":"product_tag","embeddable":true,"href":"https:\/\/serviclean.be\/de\/wp-json\/wp\/v2\/product_tag?post=29123"}],"curies":[{"name":"wp","href":"https:\/\/api.w.org\/{rel}","templated":true}]}}