{"id":29122,"date":"2025-09-17T18:09:19","date_gmt":"2025-09-17T16:09:19","guid":{"rendered":"https:\/\/serviclean.be\/produit\/haushaltsessig-1-l-forever\/"},"modified":"2025-09-17T18:09:19","modified_gmt":"2025-09-17T16:09:19","slug":"haushaltsessig-1-l-forever","status":"publish","type":"product","link":"https:\/\/serviclean.be\/de\/produit\/haushaltsessig-1-l-forever\/","title":{"rendered":"Haushaltsessig 1 L \u2013 Forever"},"content":{"rendered":"<p>Der Haushaltsessig 1 L Forever ist ein nat\u00fcrliches, vielseitig einsetzbares Produkt \u2013 ideal f\u00fcr die t\u00e4gliche Hauspflege. Dank seiner entkalkenden, entfettenden und desodorierenden Eigenschaften ersetzt er viele chemische Produkte effektiv. <\/p>\n<p><strong>Er eignet sich perfekt zum Reinigen von:<\/strong><\/p>\n<ul>\n<li>Verkalkten Armaturen<\/li>\n<li>Arbeitsfl\u00e4chen<\/li>\n<li>Fensterscheiben<\/li>\n<li>B\u00f6den<\/li>\n<li>Haushaltsger\u00e4ten<\/li>\n<li>Und sogar zum Weichsp\u00fclen der W\u00e4sche in der Maschine<\/li>\n<\/ul>\n<p>Ein \u00f6kologisches Must-have f\u00fcr eine effektive und angenehm duftende Reinigung!<\/p>\n<p><strong>Technische Informationen<\/strong><\/p>\n<ul>\n<li>Inhalt: 1 Liter<\/li>\n<li>Typ: Konzentrierter Haushaltsessig<\/li>\n<\/ul>\n<p><strong>Wirkungen:<\/strong><\/p>\n<ul>\n<li>Nat\u00fcrlicher Entkalker<\/li>\n<li>Multifl\u00e4chenreiniger<\/li>\n<li>Geruchsentferner<\/li>\n<li>Weichsp\u00fcler f\u00fcr W\u00e4sche<\/li>\n<\/ul>\n<p><strong>Anwendungen:<\/strong> K\u00fcche, Bad, Haushaltsger\u00e4te, B\u00f6den, Fenster, Waschmaschine usw.<\/p>\n<p><strong>Vorteile:<\/strong><\/p>\n<ul>\n<li>\u00d6kologisch<\/li>\n<li>Unbedenklich f\u00fcr die Umwelt<\/li>\n<li>Angenehmer Duft<\/li>\n<li>Nat\u00fcrliche Alternative zu chemischen Produkten<\/li>\n<\/ul>\n","protected":false},"excerpt":{"rendered":"<p>Haushaltsessig 1 L. Entkalker, Reiniger, multifl\u00e4chengeeigneter Geruchsentferner. \u00d6kologisch und frischer Duft. Ideal f\u00fcr K\u00fcche, Bad, W\u00e4sche.   <\/p>\n<p><strong><span style=\"color: #008000;\">Ref.: 5778<\/span><\/strong><\/p>\n","protected":false},"featured_media":29124,"template":"","meta":[],"product_brand":[],"product_cat":[578,579,605,576,650,593,657,614],"product_tag":[],"class_list":{"0":"post-29122","1":"product","2":"type-product","3":"status-publish","4":"has-post-thumbnail","6":"product_cat-pflegeprodukte","7":"product_cat-bodenreinigung","8":"product_cat-entfettungsprodukte","9":"product_cat-fensterreinigungszubehor","10":"product_cat-fleckenentferner","11":"product_cat-produkte-fur-glas-und-oberflachen","12":"product_cat-sanitar-wc-zubehor","13":"product_cat-sanitarprodukte","15":"first","16":"instock","17":"taxable","18":"shipping-taxable","19":"purchasable","20":"product-type-simple"},"acf":[],"_links":{"self":[{"href":"https:\/\/serviclean.be\/de\/wp-json\/wp\/v2\/product\/29122","targetHints":{"allow":["GET"]}}],"collection":[{"href":"https:\/\/serviclean.be\/de\/wp-json\/wp\/v2\/product"}],"about":[{"href":"https:\/\/serviclean.be\/de\/wp-json\/wp\/v2\/types\/product"}],"wp:featuredmedia":[{"embeddable":true,"href":"https:\/\/serviclean.be\/de\/wp-json\/wp\/v2\/media\/29124"}],"wp:attachment":[{"href":"https:\/\/serviclean.be\/de\/wp-json\/wp\/v2\/media?parent=29122"}],"wp:term":[{"taxonomy":"product_brand","embeddable":true,"href":"https:\/\/serviclean.be\/de\/wp-json\/wp\/v2\/product_brand?post=29122"},{"taxonomy":"product_cat","embeddable":true,"href":"https:\/\/serviclean.be\/de\/wp-json\/wp\/v2\/product_cat?post=29122"},{"taxonomy":"product_tag","embeddable":true,"href":"https:\/\/serviclean.be\/de\/wp-json\/wp\/v2\/product_tag?post=29122"}],"curies":[{"name":"wp","href":"https:\/\/api.w.org\/{rel}","templated":true}]}}