{"id":29117,"date":"2025-09-18T11:54:05","date_gmt":"2025-09-18T09:54:05","guid":{"rendered":"https:\/\/serviclean.be\/produit\/natriumpercarbonat-500-g-forever-oekologischer-fleckenentferner\/"},"modified":"2025-09-18T11:54:05","modified_gmt":"2025-09-18T09:54:05","slug":"natriumpercarbonat-500-g-forever-oekologischer-fleckenentferner","status":"publish","type":"product","link":"https:\/\/serviclean.be\/de\/produit\/natriumpercarbonat-500-g-forever-oekologischer-fleckenentferner\/","title":{"rendered":"Natriumpercarbonat 500 g \u2013 Forever | \u00d6kologischer Fleckenentferner"},"content":{"rendered":"<p>Natriumpercarbonat 500 g Forever ist ein leistungsstarkes, \u00f6kologisches Bleichmittel \u2013 ideal zum Reinigen und Entfernen von Flecken aus Ihren Textilien, aber auch zur Pflege Ihres Haushalts. Dieses 100 % nat\u00fcrliche Produkt setzt bei der Anwendung aktiven Sauerstoff frei, wodurch hartn\u00e4ckige Flecken bek\u00e4mpft, W\u00e4sche gebleicht und Oberfl\u00e4chen desinfiziert werden k\u00f6nnen. Es ist zudem biologisch abbaubar und schont die Umwelt \u2013 f\u00fcr kompromisslose Sauberkeit. Perfekt f\u00fcr die ganze Familie: einsetzbar f\u00fcr W\u00e4sche, K\u00fcche oder auch Bad.   <\/p>\n<p>.<\/p>\n","protected":false},"excerpt":{"rendered":"<p>Natriumpercarbonat Forever (500 g) ist ein \u00f6kologischer Fleckenentferner, der effektiv bleicht und desinfiziert und dabei die Umwelt schont.<\/p>\n<p><strong><span style=\"color: #008000;\">Ref.: 2028<\/span><\/strong><\/p>\n","protected":false},"featured_media":29120,"template":"","meta":[],"product_brand":[],"product_cat":[650,573,602],"product_tag":[],"class_list":{"0":"post-29117","1":"product","2":"type-product","3":"status-publish","4":"has-post-thumbnail","6":"product_cat-fleckenentferner","7":"product_cat-kuchenhygiene","8":"product_cat-waschmittel-und-weichspuler","10":"first","11":"instock","12":"taxable","13":"shipping-taxable","14":"purchasable","15":"product-type-simple"},"acf":[],"_links":{"self":[{"href":"https:\/\/serviclean.be\/de\/wp-json\/wp\/v2\/product\/29117","targetHints":{"allow":["GET"]}}],"collection":[{"href":"https:\/\/serviclean.be\/de\/wp-json\/wp\/v2\/product"}],"about":[{"href":"https:\/\/serviclean.be\/de\/wp-json\/wp\/v2\/types\/product"}],"wp:featuredmedia":[{"embeddable":true,"href":"https:\/\/serviclean.be\/de\/wp-json\/wp\/v2\/media\/29120"}],"wp:attachment":[{"href":"https:\/\/serviclean.be\/de\/wp-json\/wp\/v2\/media?parent=29117"}],"wp:term":[{"taxonomy":"product_brand","embeddable":true,"href":"https:\/\/serviclean.be\/de\/wp-json\/wp\/v2\/product_brand?post=29117"},{"taxonomy":"product_cat","embeddable":true,"href":"https:\/\/serviclean.be\/de\/wp-json\/wp\/v2\/product_cat?post=29117"},{"taxonomy":"product_tag","embeddable":true,"href":"https:\/\/serviclean.be\/de\/wp-json\/wp\/v2\/product_tag?post=29117"}],"curies":[{"name":"wp","href":"https:\/\/api.w.org\/{rel}","templated":true}]}}