{"id":29109,"date":"2025-09-24T14:20:21","date_gmt":"2025-09-24T12:20:21","guid":{"rendered":"https:\/\/serviclean.be\/produit\/konzentrierte-all-in-1-geschirrspueltabs-ecolabel-eimer-mit-150-tabs\/"},"modified":"2025-09-24T14:20:21","modified_gmt":"2025-09-24T12:20:21","slug":"konzentrierte-all-in-1-geschirrspueltabs-ecolabel-eimer-mit-150-tabs","status":"publish","type":"product","link":"https:\/\/serviclean.be\/de\/produit\/konzentrierte-all-in-1-geschirrspueltabs-ecolabel-eimer-mit-150-tabs\/","title":{"rendered":"Konzentrierte All-in-1 Geschirrsp\u00fcltabs \u2013 Ecolabel (Eimer mit 150 Tabs)"},"content":{"rendered":"<p data-start=\"655\" data-end=\"690\">Die All-in-1 Geschirrsp\u00fcltabs vereinen Leistung und Umweltfreundlichkeit f\u00fcr eine professionelle Reinigung zu Hause.<\/p>\n<h2 data-start=\"655\" data-end=\"690\"><strong data-start=\"658\" data-end=\"690\">Haupteigenschaften<\/strong><\/h2>\n<ul data-start=\"692\" data-end=\"1012\">\n<li data-start=\"692\" data-end=\"741\">\n<p data-start=\"694\" data-end=\"741\"><strong data-start=\"694\" data-end=\"716\">Dreischicht-Tab<\/strong> in wasserl\u00f6slicher Folie<\/p>\n<\/li>\n<li data-start=\"742\" data-end=\"778\">\n<p data-start=\"744\" data-end=\"778\"><strong data-start=\"744\" data-end=\"758\">Abmessungen<\/strong>: 39 \u00d7 27 \u00d7 15 mm<\/p>\n<\/li>\n<li data-start=\"779\" data-end=\"819\">\n<p data-start=\"781\" data-end=\"819\"><strong data-start=\"781\" data-end=\"805\">Gewicht pro Tab<\/strong>: ca. 16 g<\/p>\n<\/li>\n<li data-start=\"820\" data-end=\"867\">\n<p data-start=\"822\" data-end=\"867\"><strong data-start=\"822\" data-end=\"841\">Verpackung<\/strong>: Eimer mit 150 Tabs<\/p>\n<\/li>\n<li data-start=\"868\" data-end=\"903\">\n<p data-start=\"870\" data-end=\"903\"><strong data-start=\"870\" data-end=\"892\">Bruttogewicht des Eimers<\/strong>: 2,6 kg<\/p>\n<\/li>\n<li data-start=\"904\" data-end=\"974\">\n<p data-start=\"906\" data-end=\"974\"><strong data-start=\"906\" data-end=\"931\">Nat\u00fcrliche Zusammensetzung<\/strong>: 93 % Inhaltsstoffe nat\u00fcrlichen Ursprungs<\/p>\n<\/li>\n<li data-start=\"975\" data-end=\"1012\">\n<p data-start=\"977\" data-end=\"1012\">Ohne Konservierungsstoffe \u2013 <strong data-start=\"998\" data-end=\"1012\">0 % VOC<\/strong><\/p>\n<\/li>\n<\/ul>\n<h2 data-start=\"1019\" data-end=\"1037\"><strong data-start=\"1022\" data-end=\"1037\">Zusammensetzung<\/strong><\/h2>\n<ul data-start=\"1039\" data-end=\"1319\">\n<li data-start=\"1039\" data-end=\"1090\">\n<p data-start=\"1041\" data-end=\"1090\">Sauerstoffbleichmittel: <strong data-start=\"1074\" data-end=\"1090\">5 % bis &lt; 15 %<\/strong><\/p>\n<\/li>\n<li data-start=\"1091\" data-end=\"1155\">\n<p data-start=\"1093\" data-end=\"1155\">Polycarboxylate und nichtionische Tenside: <strong data-start=\"1146\" data-end=\"1155\">&lt; 5 %<\/strong><\/p>\n<\/li>\n<li data-start=\"1156\" data-end=\"1190\">\n<p data-start=\"1158\" data-end=\"1190\">Enzyme: <strong data-start=\"1168\" data-end=\"1190\">Protease &amp; Amylase<\/strong><\/p>\n<\/li>\n<li data-start=\"1191\" data-end=\"1227\">\n<p data-start=\"1193\" data-end=\"1227\">Pflanzliche Tenside<\/p>\n<\/li>\n<li data-start=\"1228\" data-end=\"1268\">\n<p data-start=\"1230\" data-end=\"1268\">Pflanzliches Bindemittel (Rote-Bete-Extrakt)<\/p>\n<\/li>\n<li data-start=\"1269\" data-end=\"1319\">\n<p data-start=\"1271\" data-end=\"1319\">Wasserl\u00f6sliche Folie <strong data-start=\"1289\" data-end=\"1297\">PVAL<\/strong>, zu 97 % biologisch abbaubar<\/p>\n<\/li>\n<\/ul>\n<h2 data-start=\"1326\" data-end=\"1359\"><strong data-start=\"1329\" data-end=\"1359\">Eigenschaften und Leistung<\/strong><\/h2>\n<ul data-start=\"1361\" data-end=\"1976\">\n<li data-start=\"1361\" data-end=\"1431\">\n<p data-start=\"1363\" data-end=\"1431\"><strong data-start=\"1363\" data-end=\"1385\">Schnelle Aufl\u00f6sung<\/strong>: &lt; 15 Min. bei 30\u00b0C \u2013 keine R\u00fcckst\u00e4nde nach 20 Min.<\/p>\n<\/li>\n<li data-start=\"1432\" data-end=\"1570\">\n<p data-start=\"1434\" data-end=\"1486\"><strong data-start=\"1434\" data-end=\"1457\">Enzymatische Formel<\/strong> zur effektiven Entfernung von:<\/p>\n<ul data-start=\"1489\" data-end=\"1570\">\n<li data-start=\"1489\" data-end=\"1523\">\n<p data-start=\"1491\" data-end=\"1523\">oxidierbaren Flecken (Aktivsauerstoff)<\/p>\n<\/li>\n<li data-start=\"1526\" data-end=\"1570\">\n<p data-start=\"1528\" data-end=\"1570\">Protein- und St\u00e4rkeresten (Enzyme)<\/p>\n<\/li>\n<\/ul>\n<\/li>\n<li data-start=\"1571\" data-end=\"1641\">\n<p data-start=\"1573\" data-end=\"1641\"><strong data-start=\"1573\" data-end=\"1610\">Makellose Ergebnisse bei hartem Wasser<\/strong><br data-start=\"1610\" data-end=\"1613\">Max. H\u00e4rte: 20\u00b0dH (35 TH)<\/p>\n<\/li>\n<li data-start=\"1642\" data-end=\"1733\">\n<p data-start=\"1644\" data-end=\"1733\"><strong data-start=\"1644\" data-end=\"1666\">Optimaler Glanz<\/strong> von Glas und Edelstahl<br data-start=\"1688\" data-end=\"1691\">Kombination aus Tensiden + Polymeren<\/p>\n<\/li>\n<li data-start=\"1734\" data-end=\"1784\">\n<p data-start=\"1736\" data-end=\"1784\"><strong data-start=\"1736\" data-end=\"1784\">Wirksam im Kurzprogramm und bei niedriger Temperatur<\/strong><\/p>\n<\/li>\n<li data-start=\"1785\" data-end=\"1806\">\n<p data-start=\"1787\" data-end=\"1806\"><strong data-start=\"1787\" data-end=\"1806\">pH-Wert: 9,5 \u2013 11,5<\/strong><\/p>\n<\/li>\n<li data-start=\"1807\" data-end=\"1853\">\n<p data-start=\"1809\" data-end=\"1853\"><strong data-start=\"1809\" data-end=\"1841\">Formel zu 96 % biologisch abbaubar<\/strong> in 28 Tagen<\/p>\n<\/li>\n<li data-start=\"1854\" data-end=\"1976\">\n<p data-start=\"1856\" data-end=\"1976\">Kompatibel mit Hygienevorschriften: Reinigungsprodukte f\u00fcr Oberfl\u00e4chen mit Lebensmittelkontakt<\/p>\n<\/li>\n<\/ul>\n<h2 data-start=\"1983\" data-end=\"2011\"><strong data-start=\"1986\" data-end=\"2011\">\u00d6kologische Vorteile<\/strong><\/h2>\n<ul data-start=\"2013\" data-end=\"2374\">\n<li data-start=\"2013\" data-end=\"2078\">\n<p data-start=\"2015\" data-end=\"2078\">Zertifiziert mit dem <strong data-start=\"2026\" data-end=\"2047\">EU Ecolabel<\/strong> \u2013 Zertifikat Nr. <strong data-start=\"2064\" data-end=\"2078\">DK-015-008<\/strong><\/p>\n<\/li>\n<li data-start=\"2079\" data-end=\"2186\">\n<p data-start=\"2081\" data-end=\"2123\">Umweltfreundliche Verpackung:<\/p>\n<ul data-start=\"2126\" data-end=\"2186\">\n<li data-start=\"2126\" data-end=\"2153\">\n<p data-start=\"2128\" data-end=\"2153\">Eimer <strong data-start=\"2133\" data-end=\"2153\">100 % recycelbar<\/strong><\/p>\n<\/li>\n<li data-start=\"2156\" data-end=\"2186\">\n<p data-start=\"2158\" data-end=\"2186\"><strong data-start=\"2178\" data-end=\"2186\">80 %<\/strong> recycelter Kunststoff<\/p>\n<\/li>\n<\/ul>\n<\/li>\n<li data-start=\"2187\" data-end=\"2239\">\n<p data-start=\"2189\" data-end=\"2239\">\u00d6kologisch konzipierte Formel auf Basis nat\u00fcrlicher Komponenten<\/p>\n<\/li>\n<li data-start=\"2240\" data-end=\"2374\">\n<p data-start=\"2242\" data-end=\"2374\">M\u00f6gliche Farb- und Geruchsvariationen (Rote-Bete-Extrakt) ohne Beeintr\u00e4chtigung der Wirksamkeit oder der Geruchsneutralit\u00e4t des Sp\u00fclvorgangs<\/p>\n<\/li>\n<\/ul>\n<h2 data-start=\"2381\" data-end=\"2413\"><strong data-start=\"2384\" data-end=\"2413\">Vorsichtsma\u00dfnahmen f\u00fcr die Anwendung<\/strong><\/h2>\n<p data-start=\"2415\" data-end=\"2445\">Nicht verwenden zum Sp\u00fclen von:<\/p>\n<ul data-start=\"2446\" data-end=\"2603\">\n<li data-start=\"2446\" data-end=\"2469\">\n<p data-start=\"2448\" data-end=\"2469\">Antikporzellan<\/p>\n<\/li>\n<li data-start=\"2470\" data-end=\"2491\">\n<p data-start=\"2472\" data-end=\"2491\">Kristallgl\u00e4sern<\/p>\n<\/li>\n<li data-start=\"2492\" data-end=\"2538\">\n<p data-start=\"2494\" data-end=\"2538\">Vergoldeten, versilberten, handbemalten Artikeln<\/p>\n<\/li>\n<li data-start=\"2539\" data-end=\"2603\">\n<p data-start=\"2541\" data-end=\"2603\">Empfindlichen Materialien: Holz, Horn, Silber, Kupfer, Aluminium<\/p>\n<\/li>\n<\/ul>\n<p data-start=\"2605\" data-end=\"2802\">Vermeiden Sie den Kontakt zwischen Silberartikeln und anderen Metallen.<br data-start=\"2665\" data-end=\"2668\">Beachten Sie die Anweisungen des Geschirrsp\u00fclmaschinenherstellers.<br data-start=\"2723\" data-end=\"2726\">Der Kontakt des Tabs mit Textilien kann zu Verf\u00e4rbungen f\u00fchren.<\/p>\n<p data-start=\"2804\" data-end=\"2878\"><strong data-start=\"2804\" data-end=\"2816\">Lagerung<\/strong>: Vor Feuchtigkeit gesch\u00fctzt bei einer Temperatur &lt; 40\u00b0C lagern.<\/p>\n","protected":false},"excerpt":{"rendered":"<p>Die konzentrierten All-in-1 Geschirrsp\u00fcltabs (2,4 kg \/ 150 Tabs) mit Ecolabel bieten eine leistungsstarke, \u00f6kologische und wirtschaftliche L\u00f6sung f\u00fcr eine makellose professionelle Reinigung. Dank ihrer enzymatischen Formel und der biologisch abbaubaren, wasserl\u00f6slichen Folie garantieren sie eine schnelle Aufl\u00f6sung, optimalen Glanz und eine effektive Reinigung, selbst bei hartem Wasser und im Kurzprogramm. <\/p>\n<p><strong><span style=\"color: #008000;\">Ref: 2012<\/span><\/strong><\/p>\n","protected":false},"featured_media":29116,"template":"","meta":[],"product_brand":[],"product_cat":[642,573,644],"product_tag":[],"class_list":{"0":"post-29109","1":"product","2":"type-product","3":"status-publish","4":"has-post-thumbnail","6":"product_cat-geschirrspulmaschinen-professionell","7":"product_cat-kuchenhygiene","8":"product_cat-umweltzeichen-produkte","10":"first","11":"instock","12":"taxable","13":"shipping-taxable","14":"purchasable","15":"product-type-simple"},"acf":[],"_links":{"self":[{"href":"https:\/\/serviclean.be\/de\/wp-json\/wp\/v2\/product\/29109","targetHints":{"allow":["GET"]}}],"collection":[{"href":"https:\/\/serviclean.be\/de\/wp-json\/wp\/v2\/product"}],"about":[{"href":"https:\/\/serviclean.be\/de\/wp-json\/wp\/v2\/types\/product"}],"wp:featuredmedia":[{"embeddable":true,"href":"https:\/\/serviclean.be\/de\/wp-json\/wp\/v2\/media\/29116"}],"wp:attachment":[{"href":"https:\/\/serviclean.be\/de\/wp-json\/wp\/v2\/media?parent=29109"}],"wp:term":[{"taxonomy":"product_brand","embeddable":true,"href":"https:\/\/serviclean.be\/de\/wp-json\/wp\/v2\/product_brand?post=29109"},{"taxonomy":"product_cat","embeddable":true,"href":"https:\/\/serviclean.be\/de\/wp-json\/wp\/v2\/product_cat?post=29109"},{"taxonomy":"product_tag","embeddable":true,"href":"https:\/\/serviclean.be\/de\/wp-json\/wp\/v2\/product_tag?post=29109"}],"curies":[{"name":"wp","href":"https:\/\/api.w.org\/{rel}","templated":true}]}}