{"id":29097,"date":"2025-09-24T14:34:00","date_gmt":"2025-09-24T12:34:00","guid":{"rendered":"https:\/\/serviclean.be\/produit\/konzentrierte-ecolabel-waschmaschinen-tabs-150-st-proditab\/"},"modified":"2025-09-24T14:34:00","modified_gmt":"2025-09-24T12:34:00","slug":"konzentrierte-ecolabel-waschmaschinen-tabs-150-st-proditab","status":"publish","type":"product","link":"https:\/\/serviclean.be\/de\/produit\/konzentrierte-ecolabel-waschmaschinen-tabs-150-st-proditab\/","title":{"rendered":"Konzentrierte Ecolabel Waschmaschinen-Tabs 150 St. Proditab"},"content":{"rendered":"<p>Die konzentrierten Ecolabel Waschmaschinen-Tabs 3,3 kg (150 Tabs) bieten eine praktische, umweltfreundliche und leistungsstarke L\u00f6sung f\u00fcr die professionelle W\u00e4schepflege.<\/p>\n<p>Verpackt in einem recycelbaren Eimer aus 80 % recyceltem Kunststoff (PCR), l\u00f6sen sich diese einzelnen Tabs mit wasserl\u00f6slicher Folie schnell auf, selbst bei niedrigen Temperaturen (ab 20 \u00b0C), und garantieren saubere, frische und strahlende W\u00e4sche.<\/p>\n<p>Ihre konzentrierte Formel mit Sauerstoffbleichmitteln, Zeolithen und Enzymen (Amylase, Protease, Cellulase, Lipase) entfernt effektiv Flecken und Fette, w\u00e4hrend sie gleichzeitig das Vergrauen der W\u00e4sche verhindert. Ihr Blumenduft sorgt f\u00fcr langanhaltende Frische. <\/p>\n<p>Zertifiziert mit dem Europ\u00e4ischen Ecolabel (IT\/006\/019), reduzieren sie die Umweltbelastung (Wasser, Energie, Abfall) und erf\u00fcllen gleichzeitig die Anforderungen von Gemeinden, Hotels, W\u00e4schereien und Pflegeeinrichtungen.<\/p>\n<p><strong>Technische Daten:<\/strong><\/p>\n<ul>\n<li>Produkt: Konzentrierte Ecolabel Waschmaschinen-Tabs<\/li>\n<li>Verpackung: Eimer mit 3,3 kg (150 Tabs x 22 g)<\/li>\n<li>Tab-Ma\u00dfe: 37 x 26 x 18 mm<\/li>\n<\/ul>\n<p><strong>Zusammensetzung:<\/strong><\/p>\n<ul>\n<li>5% \u2013 &lt;15%: Sauerstoffbleichmittel, Zeolithe<\/li>\n<li>&lt;5%: nichtionische und anionische Tenside, Polycarboxylate, Seife<\/li>\n<li>Sonstiges: Enzyme (Amylase, Protease, Cellulase, Lipase), Blumenduft<\/li>\n<\/ul>\n<p><strong>Eigenschaften:<\/strong><\/p>\n<ul>\n<li>Wasserl\u00f6slicher Film, einfache Dosierung<\/li>\n<li>Aufl\u00f6sung in 5 Min. bei 20 \u00b0C (in 2 L Wasser)<\/li>\n<li>pH-Wert: 10 \u00b1 1 (1 Tablette \/ 2 L Wasser)<\/li>\n<li>Phosphatfrei<\/li>\n<li>Enth\u00e4lt Zeolithe (enth\u00e4rtet Wasser)<\/li>\n<li>Farbe: wei\u00df<\/li>\n<li>Zertifizierungen: EU Ecolabel \u2013 IT\/006\/019<\/li>\n<li>Verpackung: Eimer 80 % PCR (recycelter Kunststoff) und 100 % recycelbar<\/li>\n<\/ul>\n<p><strong>Anwendungsbereiche:<\/strong><\/p>\n<ul>\n<li>Hotels und Restaurants (HORECA)<\/li>\n<li>Professionelle W\u00e4schereien<\/li>\n<li>Schulen, Gemeinden, Gesundheitseinrichtungen<\/li>\n<\/ul>\n<p><strong>Gebrauchsanweisung:<\/strong><\/p>\n<ul>\n<li>Legen Sie einen Tab direkt in die Waschtrommel (entfernen Sie den wasserl\u00f6slichen Film nicht).<\/li>\n<li>Starten Sie das gew\u00fcnschte Programm, auch bei niedriger Temperatur (ab 20 \u00b0C).<\/li>\n<li>Passen Sie die Anzahl der Tabs an, wenn die W\u00e4schemenge oder der Verschmutzungsgrad hoch ist.<\/li>\n<\/ul>\n","protected":false},"excerpt":{"rendered":"<p>Die professionellen Ecolabel Waschmaschinen-Tabs im 3,3 kg Eimer (150 St\u00fcck) sind eine effektive und praktische L\u00f6sung f\u00fcr die professionelle W\u00e4schepflege. Jeder Waschmaschinen-Tab ist mit einem wasserl\u00f6slichen Film versehen, der sich w\u00e4hrend des Waschvorgangs vollst\u00e4ndig aufl\u00f6st und eine pr\u00e4zise Dosierung sowie eine einfache Anwendung gew\u00e4hrleistet. <\/p>\n<p>Diese Waschmaschinen-Tabs enthalten multiaktive Enzyme, die eine leistungsstarke Reinigung bereits ab 20 \u00b0C gew\u00e4hrleisten, selbst bei hartn\u00e4ckigen Verschmutzungen. Als echte Waschmittel-Tabs entfernen sie Flecken effektiv und schonen gleichzeitig die Textilfasern. <\/p>\n<p><strong><span style=\"color: #008000;\">Art.-Nr.: 6096<\/span><\/strong><\/p>\n","protected":false},"featured_media":29101,"template":"","meta":[],"product_brand":[],"product_cat":[602,644,615],"product_tag":[],"class_list":{"0":"post-29097","1":"product","2":"type-product","3":"status-publish","4":"has-post-thumbnail","6":"product_cat-waschmittel-und-weichspuler","7":"product_cat-umweltzeichen-produkte","8":"product_cat-waschepflege","10":"first","11":"instock","12":"taxable","13":"shipping-taxable","14":"purchasable","15":"product-type-simple"},"acf":[],"_links":{"self":[{"href":"https:\/\/serviclean.be\/de\/wp-json\/wp\/v2\/product\/29097","targetHints":{"allow":["GET"]}}],"collection":[{"href":"https:\/\/serviclean.be\/de\/wp-json\/wp\/v2\/product"}],"about":[{"href":"https:\/\/serviclean.be\/de\/wp-json\/wp\/v2\/types\/product"}],"wp:featuredmedia":[{"embeddable":true,"href":"https:\/\/serviclean.be\/de\/wp-json\/wp\/v2\/media\/29101"}],"wp:attachment":[{"href":"https:\/\/serviclean.be\/de\/wp-json\/wp\/v2\/media?parent=29097"}],"wp:term":[{"taxonomy":"product_brand","embeddable":true,"href":"https:\/\/serviclean.be\/de\/wp-json\/wp\/v2\/product_brand?post=29097"},{"taxonomy":"product_cat","embeddable":true,"href":"https:\/\/serviclean.be\/de\/wp-json\/wp\/v2\/product_cat?post=29097"},{"taxonomy":"product_tag","embeddable":true,"href":"https:\/\/serviclean.be\/de\/wp-json\/wp\/v2\/product_tag?post=29097"}],"curies":[{"name":"wp","href":"https:\/\/api.w.org\/{rel}","templated":true}]}}