{"id":29009,"date":"2019-12-21T17:47:58","date_gmt":"2019-12-21T16:47:58","guid":{"rendered":"https:\/\/serviclean.be\/produit\/clean-calc-super-entkalker-1l\/"},"modified":"2019-12-21T17:47:58","modified_gmt":"2019-12-21T16:47:58","slug":"clean-calc-super-entkalker-1l","status":"publish","type":"product","link":"https:\/\/serviclean.be\/de\/produit\/clean-calc-super-entkalker-1l\/","title":{"rendered":"Clean Calc &#8211; Super-Entkalker &#8211; 1L"},"content":{"rendered":"<p>Clean Calc \u2013 Super-Entkalker \u2013 1L ist ein Entkalker auf S\u00e4urebasis, speziell entwickelt zur Entfernung von Kalkablagerungen aller Art von Espressomaschinen und Pad-Kaffeemaschinen. Dieses Produkt wirkt sicher, schnell und geruchsfrei und l\u00f6st effektiv Kalk, Kesselstein und mineralische R\u00fcckst\u00e4nde auf allen s\u00e4urebest\u00e4ndigen Oberfl\u00e4chen. <\/p>\n<p>Ideal auch f\u00fcr Sanit\u00e4ranlagen, Armaturen, Fliesen und Industrieanlagen, erleichtert Clean Calc die regelm\u00e4\u00dfige Wartung und Instandhaltung und verleiht Ihren Anlagen neuen Glanz und Sauberkeit.<\/p>\n","protected":false},"excerpt":{"rendered":"<p>S\u00e4ure-Entkalker 1L, speziell formuliert f\u00fcr Espressomaschinen und Pad-Kaffeemaschinen. Entfernt Kalk schnell und geruchsfrei. <\/p>\n<p><span style=\"color: #008000;\"><strong>Art.-Nr.: 0555<\/strong><\/span><\/p>\n","protected":false},"featured_media":29020,"template":"","meta":[],"product_brand":[],"product_cat":[573,678,642],"product_tag":[582],"class_list":{"0":"post-29009","1":"product","2":"type-product","3":"status-publish","4":"has-post-thumbnail","6":"product_cat-kuchenhygiene","7":"product_cat-entkalkungsprodukte","8":"product_cat-geschirrspulmaschinen-professionell","9":"product_tag-servi-clean","11":"first","12":"instock","13":"taxable","14":"shipping-taxable","15":"purchasable","16":"product-type-simple"},"acf":[],"_links":{"self":[{"href":"https:\/\/serviclean.be\/de\/wp-json\/wp\/v2\/product\/29009","targetHints":{"allow":["GET"]}}],"collection":[{"href":"https:\/\/serviclean.be\/de\/wp-json\/wp\/v2\/product"}],"about":[{"href":"https:\/\/serviclean.be\/de\/wp-json\/wp\/v2\/types\/product"}],"wp:featuredmedia":[{"embeddable":true,"href":"https:\/\/serviclean.be\/de\/wp-json\/wp\/v2\/media\/29020"}],"wp:attachment":[{"href":"https:\/\/serviclean.be\/de\/wp-json\/wp\/v2\/media?parent=29009"}],"wp:term":[{"taxonomy":"product_brand","embeddable":true,"href":"https:\/\/serviclean.be\/de\/wp-json\/wp\/v2\/product_brand?post=29009"},{"taxonomy":"product_cat","embeddable":true,"href":"https:\/\/serviclean.be\/de\/wp-json\/wp\/v2\/product_cat?post=29009"},{"taxonomy":"product_tag","embeddable":true,"href":"https:\/\/serviclean.be\/de\/wp-json\/wp\/v2\/product_tag?post=29009"}],"curies":[{"name":"wp","href":"https:\/\/api.w.org\/{rel}","templated":true}]}}