{"id":28979,"date":"2020-03-29T01:45:30","date_gmt":"2020-03-29T00:45:30","guid":{"rendered":"https:\/\/serviclean.be\/produit\/tapi-shampoo-c2c-teppich-polstershampoo-5-l\/"},"modified":"2020-03-29T01:45:30","modified_gmt":"2020-03-29T00:45:30","slug":"tapi-shampoo-c2c-teppich-polstershampoo-5-l","status":"publish","type":"product","link":"https:\/\/serviclean.be\/de\/produit\/tapi-shampoo-c2c-teppich-polstershampoo-5-l\/","title":{"rendered":"Tapi Shampoo C2C \u2013 Teppich- &amp; Polstershampoo 5 l"},"content":{"rendered":"<p>Tapi Shampoo C2C 5 l ist ein professionelles Shampoo-Konzentrat, das speziell f\u00fcr die Zwischenreinigung aller Arten von Teppichen und Teppichb\u00f6den entwickelt wurde.<\/p>\n<p>Die pH-neutrale Formel, angereichert mit leistungsstarken Tensiden, reinigt tiefenwirksam, ohne die Fasern zu besch\u00e4digen, und garantiert dank der Woolsafe-Zertifizierung maximale Schonung von Wollteppichen.<\/p>\n<p>Der dichte Schaum trocknet schnell und R\u00fcckst\u00e4nde lassen sich einfach absaugen, was die Anwendung praktisch und effizient macht. Dank der O.N.T.-Technologie werden unangenehme Ger\u00fcche, auch solche durch Allergene und Hausstaubmilben, dauerhaft neutralisiert und ein frischer, langanhaltender Apfelduft hinterlassen. <\/p>\n<p>Ideal f\u00fcr Hotels, B\u00fcros, Kinos, Gesch\u00e4fte, \u00f6ffentliche Einrichtungen und Textilreinigungsunternehmen; es kombiniert hohe Leistung, Sicherheit und Anwendungskomfort.<\/p>\n<p><strong>Technische Daten:<\/strong><\/p>\n<ul>\n<li>Produktname: Tapi Shampoo C2C \u2013 Teppich- &amp; Polstershampoo<\/li>\n<li>Format: 5 l<\/li>\n<li>Typ: Teppich- und Polstershampoo \u2013 Trocken- oder Nassschaum<\/li>\n<\/ul>\n<p><strong>Haupteigenschaften:<\/strong><\/p>\n<ul>\n<li>Dichter, schnell trocknender Schaum<\/li>\n<li>pH-neutral: schont Textilfasern, selbst empfindlichste<\/li>\n<li>Woolsafe-zertifiziert \u2013 geeignet f\u00fcr Wollteppiche<\/li>\n<li>Neutralisierung unangenehmer Ger\u00fcche (O.N.T.-Technologie)<\/li>\n<li>Eliminiert milbenbedingte Allergene<\/li>\n<li>Geeignet f\u00fcr alle Methoden: Nass- und Trockenshampoonierung, Trockenschaum<\/li>\n<li>Kompatibel mit Trockenschaum-Kompressoren<\/li>\n<li>Frischt Farben auf und macht Fasern wieder geschmeidig<\/li>\n<li>Verz\u00f6gert die Wiederanschmutzung von Teppichb\u00f6den<\/li>\n<li>Frischer, langanhaltender Apfelduft<\/li>\n<\/ul>\n<p><strong>Kompatible Untergr\u00fcnde:<\/strong><\/p>\n<ul>\n<li>Wollteppiche und Textilfasern<\/li>\n<li>Teppiche<\/li>\n<li>Verschiedene Textilbel\u00e4ge<\/li>\n<\/ul>\n<p><strong>Anwendungsbereiche:<\/strong><\/p>\n<ul>\n<li>Hotels und Gemeinschaftsunterk\u00fcnfte<\/li>\n<li>B\u00fcros, Gesch\u00e4fte und Schulen<\/li>\n<li>Kinos, Theater, \u00f6ffentliche Einrichtungen<\/li>\n<li>Textilreinigungsunternehmen<\/li>\n<\/ul>\n<p><strong>Gebrauchsanweisung:<\/strong><\/p>\n<ul>\n<li>Verd\u00fcnnen Sie Tapi Shampoo C2C gem\u00e4\u00df den Empfehlungen auf dem Etikett.<\/li>\n<li>Tragen Sie die L\u00f6sung mit der gew\u00e4hlten Methode auf (nass, trocken oder Trockenschaum).<\/li>\n<li>Vollst\u00e4ndig trocknen lassen (schnell trocknender Schaum).<\/li>\n<li>Saugen Sie die R\u00fcckst\u00e4nde mit einem Staubsauger ab.<\/li>\n<li>Eine optimierte Dosierung reduziert die Umweltbelastung und garantiert gleichzeitig ein professionelles Ergebnis.<\/li>\n<\/ul>\n","protected":false},"excerpt":{"rendered":"<p>Tapi Shampoo C2C 5 l. pH-neutrales Teppich-  Polstershampoo. Woolsafe-zertifiziert, schneller Trockenschaum, geruchsneutralisierend, frischer Apfelduft.  <\/p>\n<p><span style=\"color: #008000;\"><strong>Art.-Nr.: 2823<\/strong><\/span><\/p>\n","protected":false},"featured_media":28982,"template":"","meta":[],"product_brand":[],"product_cat":[649,578],"product_tag":[],"class_list":{"0":"post-28979","1":"product","2":"type-product","3":"status-publish","4":"has-post-thumbnail","6":"product_cat-teppiche-auslegewaren","7":"product_cat-pflegeprodukte","9":"first","10":"onbackorder","11":"taxable","12":"shipping-taxable","13":"purchasable","14":"product-type-simple"},"acf":[],"_links":{"self":[{"href":"https:\/\/serviclean.be\/de\/wp-json\/wp\/v2\/product\/28979","targetHints":{"allow":["GET"]}}],"collection":[{"href":"https:\/\/serviclean.be\/de\/wp-json\/wp\/v2\/product"}],"about":[{"href":"https:\/\/serviclean.be\/de\/wp-json\/wp\/v2\/types\/product"}],"wp:featuredmedia":[{"embeddable":true,"href":"https:\/\/serviclean.be\/de\/wp-json\/wp\/v2\/media\/28982"}],"wp:attachment":[{"href":"https:\/\/serviclean.be\/de\/wp-json\/wp\/v2\/media?parent=28979"}],"wp:term":[{"taxonomy":"product_brand","embeddable":true,"href":"https:\/\/serviclean.be\/de\/wp-json\/wp\/v2\/product_brand?post=28979"},{"taxonomy":"product_cat","embeddable":true,"href":"https:\/\/serviclean.be\/de\/wp-json\/wp\/v2\/product_cat?post=28979"},{"taxonomy":"product_tag","embeddable":true,"href":"https:\/\/serviclean.be\/de\/wp-json\/wp\/v2\/product_tag?post=28979"}],"curies":[{"name":"wp","href":"https:\/\/api.w.org\/{rel}","templated":true}]}}