{"id":28946,"date":"2020-05-12T12:25:54","date_gmt":"2020-05-12T10:25:54","guid":{"rendered":"https:\/\/serviclean.be\/produit\/tork-premium-alkoholisches-haendedesinfektionsgel-43-01-03-parfuemfrei\/"},"modified":"2020-05-12T12:25:54","modified_gmt":"2020-05-12T10:25:54","slug":"tork-premium-alkoholisches-haendedesinfektionsgel-43-01-03-parfuemfrei","status":"publish","type":"product","link":"https:\/\/serviclean.be\/de\/produit\/tork-premium-alkoholisches-haendedesinfektionsgel-43-01-03-parfuemfrei\/","title":{"rendered":"Tork Premium Alkoholisches H\u00e4ndedesinfektionsgel 43 01 03: parf\u00fcmfrei"},"content":{"rendered":"<p>Das Tork H\u00e4ndedesinfektionsgel ist ein wirksames Desinfektionsmittel. Es ist ideal zur H\u00e4ndedesinfektion, wenn kein Wasser in der N\u00e4he ist. Dieses Gel befeuchtet die H\u00e4nde leicht, ohne zu tropfen. Es hinterl\u00e4sst auch bei h\u00e4ufigem Gebrauch keine klebrigen R\u00fcckst\u00e4nde. Es ist geruchlos und enth\u00e4lt feuchtigkeitsspendende Inhaltsstoffe zum Schutz der H\u00e4nde. VORTEILE:<br \/>\n&#8211; Wirksam: Wirksam gegen eine Vielzahl problematischer Organismen.<br \/>\n&#8211; Einfache Anwendung: Das Gel verfl\u00fcssigt sich beim Verreiben und verteilt sich gleichm\u00e4\u00dfig. Tropft nicht.<br \/>\n&#8211; Hygienisch: Die Einwegpumpe und die versiegelte Flasche reduzieren das Risiko einer Kreuzkontamination.<br \/>\n&#8211; Nachhaltig: Faltbare Flasche reduziert Diebstahl.<br \/>\n&#8211; Tork Artikelnummer: 42 01 03<\/p>\n<p>REF: 11624<\/p>\n","protected":false},"excerpt":{"rendered":"<p>Das Tork H\u00e4ndedesinfektionsgel ist ein wirksames Desinfektionsmittel. Es ist ideal zur H\u00e4ndedesinfektion, wenn kein Wasser in der N\u00e4he ist.<br \/>\nTork Artikelnummer: 42 01 03<br \/>\n<span style=\"color: #008000;\"><strong>Art.-Nr.: 11624<\/strong><\/span><\/p>\n","protected":false},"featured_media":28954,"template":"","meta":[],"product_brand":[],"product_cat":[574,571],"product_tag":[584],"class_list":{"0":"post-28946","1":"product","2":"type-product","3":"status-publish","4":"has-post-thumbnail","6":"product_cat-hand-und-flachendesinfektion","7":"product_cat-handhygiene","8":"product_tag-tork","10":"first","11":"instock","12":"taxable","13":"shipping-taxable","14":"purchasable","15":"product-type-simple"},"acf":[],"_links":{"self":[{"href":"https:\/\/serviclean.be\/de\/wp-json\/wp\/v2\/product\/28946","targetHints":{"allow":["GET"]}}],"collection":[{"href":"https:\/\/serviclean.be\/de\/wp-json\/wp\/v2\/product"}],"about":[{"href":"https:\/\/serviclean.be\/de\/wp-json\/wp\/v2\/types\/product"}],"wp:featuredmedia":[{"embeddable":true,"href":"https:\/\/serviclean.be\/de\/wp-json\/wp\/v2\/media\/28954"}],"wp:attachment":[{"href":"https:\/\/serviclean.be\/de\/wp-json\/wp\/v2\/media?parent=28946"}],"wp:term":[{"taxonomy":"product_brand","embeddable":true,"href":"https:\/\/serviclean.be\/de\/wp-json\/wp\/v2\/product_brand?post=28946"},{"taxonomy":"product_cat","embeddable":true,"href":"https:\/\/serviclean.be\/de\/wp-json\/wp\/v2\/product_cat?post=28946"},{"taxonomy":"product_tag","embeddable":true,"href":"https:\/\/serviclean.be\/de\/wp-json\/wp\/v2\/product_tag?post=28946"}],"curies":[{"name":"wp","href":"https:\/\/api.w.org\/{rel}","templated":true}]}}