{"id":28944,"date":"2020-04-11T17:36:35","date_gmt":"2020-04-11T15:36:35","guid":{"rendered":"https:\/\/serviclean.be\/produit\/classic-koecher-abzieher-und-einwascherhalter\/"},"modified":"2020-04-11T17:36:35","modified_gmt":"2020-04-11T15:36:35","slug":"classic-koecher-abzieher-und-einwascherhalter","status":"publish","type":"product","link":"https:\/\/serviclean.be\/de\/produit\/classic-koecher-abzieher-und-einwascherhalter\/","title":{"rendered":"Classic-K\u00f6cher: Abzieher- und Einwascherhalter"},"content":{"rendered":"<p>K\u00f6cher f\u00fcr Einwascher, Abzieher und Schaber.<\/p>\n<ul>\n<li>Praktisch: Der Eimer am G\u00fcrtel \u2013 das Wichtigste immer dabei.<\/li>\n<li>Effizient: Ideal auf Leitern oder in engen Bereichen.<\/li>\n<li>Clip-Verschluss f\u00fcr eine schnelle Befestigung an jedem G\u00fcrtel.<\/li>\n<\/ul>\n","protected":false},"excerpt":{"rendered":"<p>UNGER K\u00d6CHER F\u00dcR G\u00dcRTEL<\/p>\n<p><span style=\"color: #008000;\"><strong>Ref.: 0463<\/strong><\/span><\/p>\n","protected":false},"featured_media":28947,"template":"","meta":[],"product_brand":[],"product_cat":[576,591],"product_tag":[],"class_list":{"0":"post-28944","1":"product","2":"type-product","3":"status-publish","4":"has-post-thumbnail","6":"product_cat-fensterreinigungszubehor","7":"product_cat-material-zubehor","9":"first","10":"instock","11":"taxable","12":"shipping-taxable","13":"purchasable","14":"product-type-simple"},"acf":[],"_links":{"self":[{"href":"https:\/\/serviclean.be\/de\/wp-json\/wp\/v2\/product\/28944","targetHints":{"allow":["GET"]}}],"collection":[{"href":"https:\/\/serviclean.be\/de\/wp-json\/wp\/v2\/product"}],"about":[{"href":"https:\/\/serviclean.be\/de\/wp-json\/wp\/v2\/types\/product"}],"wp:featuredmedia":[{"embeddable":true,"href":"https:\/\/serviclean.be\/de\/wp-json\/wp\/v2\/media\/28947"}],"wp:attachment":[{"href":"https:\/\/serviclean.be\/de\/wp-json\/wp\/v2\/media?parent=28944"}],"wp:term":[{"taxonomy":"product_brand","embeddable":true,"href":"https:\/\/serviclean.be\/de\/wp-json\/wp\/v2\/product_brand?post=28944"},{"taxonomy":"product_cat","embeddable":true,"href":"https:\/\/serviclean.be\/de\/wp-json\/wp\/v2\/product_cat?post=28944"},{"taxonomy":"product_tag","embeddable":true,"href":"https:\/\/serviclean.be\/de\/wp-json\/wp\/v2\/product_tag?post=28944"}],"curies":[{"name":"wp","href":"https:\/\/api.w.org\/{rel}","templated":true}]}}