{"id":28940,"date":"2020-04-11T18:02:54","date_gmt":"2020-04-11T16:02:54","guid":{"rendered":"https:\/\/serviclean.be\/produit\/koecher-ninja-fensterwischer-und-einwascherhalter\/"},"modified":"2020-04-11T18:02:54","modified_gmt":"2020-04-11T16:02:54","slug":"koecher-ninja-fensterwischer-und-einwascherhalter","status":"publish","type":"product","link":"https:\/\/serviclean.be\/de\/produit\/koecher-ninja-fensterwischer-und-einwascherhalter\/","title":{"rendered":"K\u00f6cher: Ninja Fensterwischer- und Einwascherhalter"},"content":{"rendered":"<h3 class=\"kor-tabset-content-contents long-description\" data-dynamic-block-name=\"ProductTabs-Description\" data-dynamic-block-id=\"PRODUCTTABS-DESCRIPTION\">K\u00f6cher f\u00fcr Einwascher, Abzieher und Schaber. DETAILS:- Praktisch: Der Eimer am G\u00fcrtel \u2013 das Wichtigste immer dabei.- Effizient: Ideal auf Leitern oder in engen Bereichen.- Schnell: Clipverschluss f\u00fcr schnelle Befestigung.<\/h3>\n","protected":false},"excerpt":{"rendered":"<p>K\u00f6cher: Ninja Fensterwischer- und Einwascherhalter<\/p>\n<p><span style=\"color: #008000;\"><span style=\"color: #008000;\"><b>Ref<\/b><\/span><strong style=\"color: #008000;\">: 2932<\/strong><\/span><\/p>\n","protected":false},"featured_media":28638,"template":"","meta":[],"product_brand":[],"product_cat":[576,591],"product_tag":[],"class_list":{"0":"post-28940","1":"product","2":"type-product","3":"status-publish","4":"has-post-thumbnail","6":"product_cat-fensterreinigungszubehor","7":"product_cat-material-zubehor","9":"first","10":"instock","11":"taxable","12":"shipping-taxable","13":"purchasable","14":"product-type-simple"},"acf":[],"_links":{"self":[{"href":"https:\/\/serviclean.be\/de\/wp-json\/wp\/v2\/product\/28940","targetHints":{"allow":["GET"]}}],"collection":[{"href":"https:\/\/serviclean.be\/de\/wp-json\/wp\/v2\/product"}],"about":[{"href":"https:\/\/serviclean.be\/de\/wp-json\/wp\/v2\/types\/product"}],"wp:featuredmedia":[{"embeddable":true,"href":"https:\/\/serviclean.be\/de\/wp-json\/wp\/v2\/media\/28638"}],"wp:attachment":[{"href":"https:\/\/serviclean.be\/de\/wp-json\/wp\/v2\/media?parent=28940"}],"wp:term":[{"taxonomy":"product_brand","embeddable":true,"href":"https:\/\/serviclean.be\/de\/wp-json\/wp\/v2\/product_brand?post=28940"},{"taxonomy":"product_cat","embeddable":true,"href":"https:\/\/serviclean.be\/de\/wp-json\/wp\/v2\/product_cat?post=28940"},{"taxonomy":"product_tag","embeddable":true,"href":"https:\/\/serviclean.be\/de\/wp-json\/wp\/v2\/product_tag?post=28940"}],"curies":[{"name":"wp","href":"https:\/\/api.w.org\/{rel}","templated":true}]}}