{"id":28877,"date":"2020-09-26T17:25:26","date_gmt":"2020-09-26T15:25:26","guid":{"rendered":"https:\/\/serviclean.be\/produit\/lomouss-douche-hair-blau-5-l\/"},"modified":"2020-09-26T17:25:26","modified_gmt":"2020-09-26T15:25:26","slug":"lomouss-douche-hair-blau-5-l","status":"publish","type":"product","link":"https:\/\/serviclean.be\/de\/produit\/lomouss-douche-hair-blau-5-l\/","title":{"rendered":"Lomouss Douche &amp; Hair Blau \u2013 5 l"},"content":{"rendered":"<p>Das Lomouss Douche &amp; Hair Blau \u2013 5 l ist ein 2-in-1-Gel f\u00fcr K\u00f6rper und Haar, ideal f\u00fcr den t\u00e4glichen Gebrauch in Gemeinschaftseinrichtungen, Sportst\u00e4tten oder professionellen Umgebungen. Seine milde Formel reinigt effektiv und schont dabei das Gleichgewicht von Haut und Kopfhaut. Sein frischer Duft sorgt f\u00fcr ein angenehmes Sauberkeitsgef\u00fchl. Das wirtschaftliche 5-Liter-Format ist perfekt zum Nachf\u00fcllen von Spendern.   <\/p>\n","protected":false},"excerpt":{"rendered":"<p>2-in-1 Duschgel &amp; Shampoo Lomouss Blau 5 l, milde Formel, frischer Duft, ideal f\u00fcr Gemeinschaftseinrichtungen und h\u00e4ufigen Gebrauch.<\/p>\n<p><span style=\"color: #008000;\"><strong>Ref: 11715<\/strong><\/span><\/p>\n","protected":false},"featured_media":28881,"template":"","meta":[],"product_brand":[],"product_cat":[571],"product_tag":[],"class_list":{"0":"post-28877","1":"product","2":"type-product","3":"status-publish","4":"has-post-thumbnail","6":"product_cat-handhygiene","8":"first","9":"instock","10":"taxable","11":"shipping-taxable","12":"purchasable","13":"product-type-simple"},"acf":[],"_links":{"self":[{"href":"https:\/\/serviclean.be\/de\/wp-json\/wp\/v2\/product\/28877","targetHints":{"allow":["GET"]}}],"collection":[{"href":"https:\/\/serviclean.be\/de\/wp-json\/wp\/v2\/product"}],"about":[{"href":"https:\/\/serviclean.be\/de\/wp-json\/wp\/v2\/types\/product"}],"wp:featuredmedia":[{"embeddable":true,"href":"https:\/\/serviclean.be\/de\/wp-json\/wp\/v2\/media\/28881"}],"wp:attachment":[{"href":"https:\/\/serviclean.be\/de\/wp-json\/wp\/v2\/media?parent=28877"}],"wp:term":[{"taxonomy":"product_brand","embeddable":true,"href":"https:\/\/serviclean.be\/de\/wp-json\/wp\/v2\/product_brand?post=28877"},{"taxonomy":"product_cat","embeddable":true,"href":"https:\/\/serviclean.be\/de\/wp-json\/wp\/v2\/product_cat?post=28877"},{"taxonomy":"product_tag","embeddable":true,"href":"https:\/\/serviclean.be\/de\/wp-json\/wp\/v2\/product_tag?post=28877"}],"curies":[{"name":"wp","href":"https:\/\/api.w.org\/{rel}","templated":true}]}}