{"id":28856,"date":"2020-10-17T17:54:33","date_gmt":"2020-10-17T15:54:33","guid":{"rendered":"https:\/\/serviclean.be\/produit\/polgreen-odor-line-indoors-1l-5l\/"},"modified":"2020-10-17T17:54:33","modified_gmt":"2020-10-17T15:54:33","slug":"polgreen-odor-line-indoors-1l-5l","status":"publish","type":"product","link":"https:\/\/serviclean.be\/de\/produit\/polgreen-odor-line-indoors-1l-5l\/","title":{"rendered":"PolGreen Odor Line Indoors 1L &#8211; 5L"},"content":{"rendered":"<p>Umweltfreundlicher Reiniger f\u00fcr Oberfl\u00e4chen und Glas, gebrauchsfertig<\/p>\n<p>\u2022 F\u00fcr streifenfreien Glanz ohne Reflexe<br \/>\n\u2022 Entfernt Fingerabdr\u00fccke und andere Verschmutzungen<br \/>\n\u2022 Reinigt m\u00fchelos und trocknet schnell<br \/>\n\u2022 F\u00fcr alle wasserbest\u00e4ndigen harten Oberfl\u00e4chen<br \/>\n\u2022 Ungef\u00e4hrliches Produkt f\u00fcr den Anwender<br \/>\n\u2022 Angenehmer blumiger Duft<\/p>\n","protected":false},"excerpt":{"rendered":"<p>Stark parf\u00fcmierter Reiniger mit Umweltzeichen f\u00fcr die t\u00e4gliche Pflege aller Oberfl\u00e4chen und B\u00f6den. Blumiger Duft. Nicht-allergenes Produkt, VOC-reduziert (fl\u00fcchtige organische Verbindungen). Zugelassen f\u00fcr Lebensmittelkontakt.   <\/p>\n<p><span style=\"color: #008000;\"><strong>Ref: 11703,11698<\/strong><\/span><\/p>\n","protected":false},"featured_media":28107,"template":"","meta":[],"product_brand":[],"product_cat":[618,578,644],"product_tag":[],"class_list":{"0":"post-28856","1":"product","2":"type-product","3":"status-publish","4":"has-post-thumbnail","6":"product_cat-ecolabel","7":"product_cat-pflegeprodukte","8":"product_cat-umweltzeichen-produkte","10":"first","11":"instock","12":"taxable","13":"shipping-taxable","14":"purchasable","15":"product-type-variable"},"acf":[],"_links":{"self":[{"href":"https:\/\/serviclean.be\/de\/wp-json\/wp\/v2\/product\/28856","targetHints":{"allow":["GET"]}}],"collection":[{"href":"https:\/\/serviclean.be\/de\/wp-json\/wp\/v2\/product"}],"about":[{"href":"https:\/\/serviclean.be\/de\/wp-json\/wp\/v2\/types\/product"}],"wp:featuredmedia":[{"embeddable":true,"href":"https:\/\/serviclean.be\/de\/wp-json\/wp\/v2\/media\/28107"}],"wp:attachment":[{"href":"https:\/\/serviclean.be\/de\/wp-json\/wp\/v2\/media?parent=28856"}],"wp:term":[{"taxonomy":"product_brand","embeddable":true,"href":"https:\/\/serviclean.be\/de\/wp-json\/wp\/v2\/product_brand?post=28856"},{"taxonomy":"product_cat","embeddable":true,"href":"https:\/\/serviclean.be\/de\/wp-json\/wp\/v2\/product_cat?post=28856"},{"taxonomy":"product_tag","embeddable":true,"href":"https:\/\/serviclean.be\/de\/wp-json\/wp\/v2\/product_tag?post=28856"}],"curies":[{"name":"wp","href":"https:\/\/api.w.org\/{rel}","templated":true}]}}