{"id":28825,"date":"2020-10-23T23:06:18","date_gmt":"2020-10-23T21:06:18","guid":{"rendered":"https:\/\/serviclean.be\/produit\/kn95-schutzmaske-10-stk\/"},"modified":"2020-10-23T23:06:18","modified_gmt":"2020-10-23T21:06:18","slug":"kn95-schutzmaske-10-stk","status":"publish","type":"product","link":"https:\/\/serviclean.be\/de\/produit\/kn95-schutzmaske-10-stk\/","title":{"rendered":"KN95-Schutzmaske 10 Stk."},"content":{"rendered":"","protected":false},"excerpt":{"rendered":"<p>Die KN95-Maske ist ein selbstfiltrierendes Einweg-Schutzmaskenmodell, das gem\u00e4\u00df den europ\u00e4ischen Normen EN 143 und EN 149 95 % der in der Luft schwebenden Partikel filtert.<\/p>\n","protected":false},"featured_media":28835,"template":"","meta":[],"product_brand":[],"product_cat":[620],"product_tag":[],"class_list":{"0":"post-28825","1":"product","2":"type-product","3":"status-publish","4":"has-post-thumbnail","6":"product_cat-covid-19-ausrustung","8":"first","9":"instock","10":"taxable","11":"shipping-taxable","12":"purchasable","13":"product-type-simple"},"acf":[],"_links":{"self":[{"href":"https:\/\/serviclean.be\/de\/wp-json\/wp\/v2\/product\/28825","targetHints":{"allow":["GET"]}}],"collection":[{"href":"https:\/\/serviclean.be\/de\/wp-json\/wp\/v2\/product"}],"about":[{"href":"https:\/\/serviclean.be\/de\/wp-json\/wp\/v2\/types\/product"}],"wp:featuredmedia":[{"embeddable":true,"href":"https:\/\/serviclean.be\/de\/wp-json\/wp\/v2\/media\/28835"}],"wp:attachment":[{"href":"https:\/\/serviclean.be\/de\/wp-json\/wp\/v2\/media?parent=28825"}],"wp:term":[{"taxonomy":"product_brand","embeddable":true,"href":"https:\/\/serviclean.be\/de\/wp-json\/wp\/v2\/product_brand?post=28825"},{"taxonomy":"product_cat","embeddable":true,"href":"https:\/\/serviclean.be\/de\/wp-json\/wp\/v2\/product_cat?post=28825"},{"taxonomy":"product_tag","embeddable":true,"href":"https:\/\/serviclean.be\/de\/wp-json\/wp\/v2\/product_tag?post=28825"}],"curies":[{"name":"wp","href":"https:\/\/api.w.org\/{rel}","templated":true}]}}