{"id":28799,"date":"2020-12-02T12:27:20","date_gmt":"2020-12-02T11:27:20","guid":{"rendered":"https:\/\/serviclean.be\/produit\/muellsack-70-x-110-cm-schwarz-ldpe-50\/"},"modified":"2020-12-02T12:27:20","modified_gmt":"2020-12-02T11:27:20","slug":"muellsack-70-x-110-cm-schwarz-ldpe-50","status":"publish","type":"product","link":"https:\/\/serviclean.be\/de\/produit\/muellsack-70-x-110-cm-schwarz-ldpe-50\/","title":{"rendered":"M\u00fcllsack 70 \u00d7 110 cm schwarz LDPE 50"},"content":{"rendered":"","protected":false},"excerpt":{"rendered":"<p>M\u00fcllsack 70 \u00d7 110 cm \u00b1 110 l, aus schwarzem Kunststoff, LDPE Typ 50<br \/>\n25 Stk.\/Rolle \u2013 10 Rollen\/Karton.<\/p>\n<p><strong><span style=\"color: #008000;\">Ref.: 5594-10099<\/span> <\/strong> <\/p>\n","protected":false},"featured_media":28472,"template":"","meta":[],"product_brand":[],"product_cat":[652],"product_tag":[],"class_list":{"0":"post-28799","1":"product","2":"type-product","3":"status-publish","4":"has-post-thumbnail","6":"product_cat-mullsacke","8":"first","9":"instock","10":"taxable","11":"shipping-taxable","12":"purchasable","13":"product-type-variable"},"acf":[],"_links":{"self":[{"href":"https:\/\/serviclean.be\/de\/wp-json\/wp\/v2\/product\/28799","targetHints":{"allow":["GET"]}}],"collection":[{"href":"https:\/\/serviclean.be\/de\/wp-json\/wp\/v2\/product"}],"about":[{"href":"https:\/\/serviclean.be\/de\/wp-json\/wp\/v2\/types\/product"}],"wp:featuredmedia":[{"embeddable":true,"href":"https:\/\/serviclean.be\/de\/wp-json\/wp\/v2\/media\/28472"}],"wp:attachment":[{"href":"https:\/\/serviclean.be\/de\/wp-json\/wp\/v2\/media?parent=28799"}],"wp:term":[{"taxonomy":"product_brand","embeddable":true,"href":"https:\/\/serviclean.be\/de\/wp-json\/wp\/v2\/product_brand?post=28799"},{"taxonomy":"product_cat","embeddable":true,"href":"https:\/\/serviclean.be\/de\/wp-json\/wp\/v2\/product_cat?post=28799"},{"taxonomy":"product_tag","embeddable":true,"href":"https:\/\/serviclean.be\/de\/wp-json\/wp\/v2\/product_tag?post=28799"}],"curies":[{"name":"wp","href":"https:\/\/api.w.org\/{rel}","templated":true}]}}