{"id":28778,"date":"2020-12-23T19:59:31","date_gmt":"2020-12-23T18:59:31","guid":{"rendered":"https:\/\/serviclean.be\/produit\/prevens-purell-desinfektionstuecher-100-stk-box\/"},"modified":"2020-12-23T19:59:31","modified_gmt":"2020-12-23T18:59:31","slug":"prevens-purell-desinfektionstuecher-100-stk-box","status":"publish","type":"product","link":"https:\/\/serviclean.be\/de\/produit\/prevens-purell-desinfektionstuecher-100-stk-box\/","title":{"rendered":"Preven&#8217;s \/ Purell Desinfektionst\u00fccher 100 Stk.\/Box"},"content":{"rendered":"<p>Die Purell Desinfektionst\u00fccher (Box mit 100 St\u00fcck) sind f\u00fcr die effektive Desinfektion von H\u00e4nden, Gegenst\u00e4nden und Oberfl\u00e4chen ohne Absp\u00fclen konzipiert. Auf Ethanolbasis eliminieren sie Bakterien, Viren und Pilze in wenigen Sekunden. Ob zu Hause, im B\u00fcro oder in \u00f6ffentlichen Einrichtungen \u2013 sie sind ideal f\u00fcr eine schnelle und sichere t\u00e4gliche Hygiene. Dank ihres handlichen Formats sind sie leicht zu transportieren und \u00fcberall einsetzbar. Schnelltrocknend, r\u00fcckstandsfrei.<br \/>\nBiozidprodukt PT1 und PT2, gebrauchsfertig, f\u00fcr den professionellen Einsatz und die breite \u00d6ffentlichkeit geeignet.    <\/p>\n","protected":false},"excerpt":{"rendered":"<p>Desinfektionst\u00fccher ohne Absp\u00fclen auf Ethanolbasis. Box mit 100 St\u00fcck, f\u00fcr H\u00e4nde, Oberfl\u00e4chen und Gegenst\u00e4nde. Handliches Format, schnelltrocknend. Biozidprodukt PT1 und PT2, gebrauchsfertig, f\u00fcr den professionellen Einsatz und die breite \u00d6ffentlichkeit geeignet.   <\/p>\n<p><span style=\"color: #008000;\"><strong>Ref.: 5693<\/strong><\/span><\/p>\n","protected":false},"featured_media":28786,"template":"","meta":[],"product_brand":[],"product_cat":[574],"product_tag":[],"class_list":{"0":"post-28778","1":"product","2":"type-product","3":"status-publish","4":"has-post-thumbnail","6":"product_cat-hand-und-flachendesinfektion","8":"first","9":"outofstock","10":"taxable","11":"shipping-taxable","12":"purchasable","13":"product-type-simple"},"acf":[],"_links":{"self":[{"href":"https:\/\/serviclean.be\/de\/wp-json\/wp\/v2\/product\/28778","targetHints":{"allow":["GET"]}}],"collection":[{"href":"https:\/\/serviclean.be\/de\/wp-json\/wp\/v2\/product"}],"about":[{"href":"https:\/\/serviclean.be\/de\/wp-json\/wp\/v2\/types\/product"}],"wp:featuredmedia":[{"embeddable":true,"href":"https:\/\/serviclean.be\/de\/wp-json\/wp\/v2\/media\/28786"}],"wp:attachment":[{"href":"https:\/\/serviclean.be\/de\/wp-json\/wp\/v2\/media?parent=28778"}],"wp:term":[{"taxonomy":"product_brand","embeddable":true,"href":"https:\/\/serviclean.be\/de\/wp-json\/wp\/v2\/product_brand?post=28778"},{"taxonomy":"product_cat","embeddable":true,"href":"https:\/\/serviclean.be\/de\/wp-json\/wp\/v2\/product_cat?post=28778"},{"taxonomy":"product_tag","embeddable":true,"href":"https:\/\/serviclean.be\/de\/wp-json\/wp\/v2\/product_tag?post=28778"}],"curies":[{"name":"wp","href":"https:\/\/api.w.org\/{rel}","templated":true}]}}