{"id":28764,"date":"2020-11-15T16:02:05","date_gmt":"2020-11-15T15:02:05","guid":{"rendered":"https:\/\/serviclean.be\/produit\/chemikalienschutzhandschuhe\/"},"modified":"2020-11-15T16:02:05","modified_gmt":"2020-11-15T15:02:05","slug":"chemikalienschutzhandschuhe","status":"publish","type":"product","link":"https:\/\/serviclean.be\/de\/produit\/chemikalienschutzhandschuhe\/","title":{"rendered":"Chemikalienschutzhandschuhe"},"content":{"rendered":"<p>Die NEO-CHEM OXXA 41-090 Handschuhe wurden speziell entwickelt, um optimalen Schutz gegen Chemikalien bei gleichzeitig exzellentem Tragekomfort zu bieten.<\/p>\n<p>Aus widerstandsf\u00e4higem Material gefertigt, bieten sie eine wirksame Barriere gegen aggressive Substanzen und bewahren gleichzeitig eine gute Flexibilit\u00e4t f\u00fcr pr\u00e4zises Arbeiten. Ihre strukturierte Oberfl\u00e4che verbessert die Griffigkeit, selbst in feuchten oder fettigen Umgebungen. <\/p>\n<p>\u2714 Hervorragende chemische Best\u00e4ndigkeit<br \/>\n\u2714 Gute Griffigkeit dank rutschfester Textur<br \/>\n\u2714 Komfort und Flexibilit\u00e4t f\u00fcr l\u00e4ngere Eins\u00e4tze<br \/>\n\u2714 Zuverl\u00e4ssiger Schutz in anspruchsvollen professionellen Umgebungen<\/p>\n<div class=\"info-block--item\">\n<div>Normen:<\/div>\n<div>&#8211; EN 388:2016<\/div>\n<div>&#8211; 3110X<br \/>\n&#8211; EN ISO 374-1:2016\/Typ A<br \/>\n&#8211; AKLMNPT<br \/>\n&#8211; EN ISO 374-5:2016<br \/>\n&#8211; EN ISO 21420:2020<\/div>\n<\/div>\n","protected":false},"excerpt":{"rendered":"<p>Chemikalienschutzhandschuhe NEO-CHEM 41-090 XL, chemikalienbest\u00e4ndig, Industriereinigung<br \/>\n<span style=\"color: #008000;\"><strong>Art.-Nr.: 1319<\/strong><\/span><\/p>\n","protected":false},"featured_media":28777,"template":"","meta":[],"product_brand":[],"product_cat":[643],"product_tag":[],"class_list":{"0":"post-28764","1":"product","2":"type-product","3":"status-publish","4":"has-post-thumbnail","6":"product_cat-handschuhe","8":"first","9":"instock","10":"taxable","11":"shipping-taxable","12":"purchasable","13":"product-type-simple"},"acf":[],"_links":{"self":[{"href":"https:\/\/serviclean.be\/de\/wp-json\/wp\/v2\/product\/28764","targetHints":{"allow":["GET"]}}],"collection":[{"href":"https:\/\/serviclean.be\/de\/wp-json\/wp\/v2\/product"}],"about":[{"href":"https:\/\/serviclean.be\/de\/wp-json\/wp\/v2\/types\/product"}],"wp:featuredmedia":[{"embeddable":true,"href":"https:\/\/serviclean.be\/de\/wp-json\/wp\/v2\/media\/28777"}],"wp:attachment":[{"href":"https:\/\/serviclean.be\/de\/wp-json\/wp\/v2\/media?parent=28764"}],"wp:term":[{"taxonomy":"product_brand","embeddable":true,"href":"https:\/\/serviclean.be\/de\/wp-json\/wp\/v2\/product_brand?post=28764"},{"taxonomy":"product_cat","embeddable":true,"href":"https:\/\/serviclean.be\/de\/wp-json\/wp\/v2\/product_cat?post=28764"},{"taxonomy":"product_tag","embeddable":true,"href":"https:\/\/serviclean.be\/de\/wp-json\/wp\/v2\/product_tag?post=28764"}],"curies":[{"name":"wp","href":"https:\/\/api.w.org\/{rel}","templated":true}]}}