{"id":28758,"date":"2020-12-26T16:00:51","date_gmt":"2020-12-26T15:00:51","guid":{"rendered":"https:\/\/serviclean.be\/produit\/salatschuesseln-aus-braunem-kraftpapier\/"},"modified":"2020-12-26T16:00:51","modified_gmt":"2020-12-26T15:00:51","slug":"salatschuesseln-aus-braunem-kraftpapier","status":"publish","type":"product","link":"https:\/\/serviclean.be\/de\/produit\/salatschuesseln-aus-braunem-kraftpapier\/","title":{"rendered":"Salatsch\u00fcsseln aus braunem Kraftpapier"},"content":{"rendered":"<p>Hergestellt aus hochwertigem, nat\u00fcrlichem Papierkarton aus nachhaltiger Quelle. Zudem sind sie mit einer umweltfreundlichen Biokunststoff-Beschichtung versehen, wodurch sie biologisch abbaubar und kompostierbar sind. <\/p>\n","protected":false},"excerpt":{"rendered":"<p>Biologisch abbaubare Salatsch\u00fcsseln aus braunem Kraftpapier in verschiedenen Volumina. Probieren Sie diese modernen Salatschalen aus braunem Kraftpapier, die sich f\u00fcr warme und kalte Speisen eignen. Sie sind in verschiedenen Gr\u00f6\u00dfen und Fassungsverm\u00f6gen erh\u00e4ltlich \u2013 perfekt zum Servieren von Take-away-Gerichten wie Salatportionen,  <\/p>\n","protected":false},"featured_media":28765,"template":"","meta":[],"product_brand":[],"product_cat":[624],"product_tag":[],"class_list":{"0":"post-28758","1":"product","2":"type-product","3":"status-publish","4":"has-post-thumbnail","6":"product_cat-catering","8":"first","9":"instock","10":"taxable","11":"shipping-taxable","12":"purchasable","13":"product-type-variable"},"acf":[],"_links":{"self":[{"href":"https:\/\/serviclean.be\/de\/wp-json\/wp\/v2\/product\/28758","targetHints":{"allow":["GET"]}}],"collection":[{"href":"https:\/\/serviclean.be\/de\/wp-json\/wp\/v2\/product"}],"about":[{"href":"https:\/\/serviclean.be\/de\/wp-json\/wp\/v2\/types\/product"}],"wp:featuredmedia":[{"embeddable":true,"href":"https:\/\/serviclean.be\/de\/wp-json\/wp\/v2\/media\/28765"}],"wp:attachment":[{"href":"https:\/\/serviclean.be\/de\/wp-json\/wp\/v2\/media?parent=28758"}],"wp:term":[{"taxonomy":"product_brand","embeddable":true,"href":"https:\/\/serviclean.be\/de\/wp-json\/wp\/v2\/product_brand?post=28758"},{"taxonomy":"product_cat","embeddable":true,"href":"https:\/\/serviclean.be\/de\/wp-json\/wp\/v2\/product_cat?post=28758"},{"taxonomy":"product_tag","embeddable":true,"href":"https:\/\/serviclean.be\/de\/wp-json\/wp\/v2\/product_tag?post=28758"}],"curies":[{"name":"wp","href":"https:\/\/api.w.org\/{rel}","templated":true}]}}