{"id":28747,"date":"2021-01-09T15:31:11","date_gmt":"2021-01-09T14:31:11","guid":{"rendered":"https:\/\/serviclean.be\/produit\/halbmondbuerste-rosshaar-teleskopstiel-15-meter\/"},"modified":"2021-01-09T15:31:11","modified_gmt":"2021-01-09T14:31:11","slug":"halbmondbuerste-rosshaar-teleskopstiel-15-meter","status":"publish","type":"product","link":"https:\/\/serviclean.be\/de\/produit\/halbmondbuerste-rosshaar-teleskopstiel-15-meter\/","title":{"rendered":"Halbmondb\u00fcrste ROSSHAAR + Teleskopstiel 1,5 Meter"},"content":{"rendered":"<p>Halbmondb\u00fcrste ROSSHAAR + Teleskopstiel 1,5 m<\/p>\n<p>Praktisch und komfortabel erm\u00f6glicht die Halbmondb\u00fcrste ROSSHAAR mit Teleskopstiel von 1,5 m das m\u00fchelose Erreichen hoher und schwer zug\u00e4nglicher Bereiche. Verstellbar je nach K\u00f6rpergr\u00f6\u00dfe des Benutzers f\u00fcr eine effektive und kraftsparende Reinigung. <\/p>\n","protected":false},"excerpt":{"rendered":"<p>Halbmondb\u00fcrste ROSSHAAR mit Teleskopstiel 1,5 m: praktisch, verstellbar und effektiv f\u00fcr die m\u00fchelose Reinigung hoher und schwer zug\u00e4nglicher Bereiche.<\/p>\n<p><strong><span style=\"color: #008000;\">Ref: 5568<\/span><\/strong><\/p>\n","protected":false},"featured_media":28752,"template":"","meta":[],"product_brand":[],"product_cat":[600],"product_tag":[],"class_list":{"0":"post-28747","1":"product","2":"type-product","3":"status-publish","4":"has-post-thumbnail","6":"product_cat-kehren-entstauben","8":"first","9":"instock","10":"taxable","11":"shipping-taxable","12":"purchasable","13":"product-type-simple"},"acf":[],"_links":{"self":[{"href":"https:\/\/serviclean.be\/de\/wp-json\/wp\/v2\/product\/28747","targetHints":{"allow":["GET"]}}],"collection":[{"href":"https:\/\/serviclean.be\/de\/wp-json\/wp\/v2\/product"}],"about":[{"href":"https:\/\/serviclean.be\/de\/wp-json\/wp\/v2\/types\/product"}],"wp:featuredmedia":[{"embeddable":true,"href":"https:\/\/serviclean.be\/de\/wp-json\/wp\/v2\/media\/28752"}],"wp:attachment":[{"href":"https:\/\/serviclean.be\/de\/wp-json\/wp\/v2\/media?parent=28747"}],"wp:term":[{"taxonomy":"product_brand","embeddable":true,"href":"https:\/\/serviclean.be\/de\/wp-json\/wp\/v2\/product_brand?post=28747"},{"taxonomy":"product_cat","embeddable":true,"href":"https:\/\/serviclean.be\/de\/wp-json\/wp\/v2\/product_cat?post=28747"},{"taxonomy":"product_tag","embeddable":true,"href":"https:\/\/serviclean.be\/de\/wp-json\/wp\/v2\/product_tag?post=28747"}],"curies":[{"name":"wp","href":"https:\/\/api.w.org\/{rel}","templated":true}]}}