{"id":28745,"date":"2021-01-09T16:29:24","date_gmt":"2021-01-09T15:29:24","guid":{"rendered":"https:\/\/serviclean.be\/produit\/microblue-franse-3-loecher-40-cm\/"},"modified":"2021-01-09T16:29:24","modified_gmt":"2021-01-09T15:29:24","slug":"microblue-franse-3-loecher-40-cm","status":"publish","type":"product","link":"https:\/\/serviclean.be\/de\/produit\/microblue-franse-3-loecher-40-cm\/","title":{"rendered":"MICROBLUE-FRANSE 3 L\u00d6CHER \u2013 40 cm"},"content":{"rendered":"","protected":false},"excerpt":{"rendered":"<p>Flachfranse aus Mikrofaser, 3 L\u00f6cher \u2013 40 cm, sehr saugf\u00e4hig mit Polyestertr\u00e4ger<br \/>\nFlachmopp-System mit Laschen, zu verwenden mit Rolle, Klemme oder Flachpresse<br \/>\nIdeal f\u00fcr die regelm\u00e4\u00dfige Reinigung glatter Oberfl\u00e4chen<br \/>\n&gt;Mikrofaserfranse<\/p>\n<p><strong><span style=\"color: #008000;\">REF: 1303<\/span><\/strong><\/p>\n","protected":false},"featured_media":28750,"template":"","meta":[],"product_brand":[],"product_cat":[591,600,664],"product_tag":[],"class_list":{"0":"post-28745","1":"product","2":"type-product","3":"status-publish","4":"has-post-thumbnail","6":"product_cat-material-zubehor","7":"product_cat-kehren-entstauben","8":"product_cat-moppbezuge-und-mopps","10":"first","11":"instock","12":"taxable","13":"shipping-taxable","14":"purchasable","15":"product-type-simple"},"acf":[],"_links":{"self":[{"href":"https:\/\/serviclean.be\/de\/wp-json\/wp\/v2\/product\/28745","targetHints":{"allow":["GET"]}}],"collection":[{"href":"https:\/\/serviclean.be\/de\/wp-json\/wp\/v2\/product"}],"about":[{"href":"https:\/\/serviclean.be\/de\/wp-json\/wp\/v2\/types\/product"}],"wp:featuredmedia":[{"embeddable":true,"href":"https:\/\/serviclean.be\/de\/wp-json\/wp\/v2\/media\/28750"}],"wp:attachment":[{"href":"https:\/\/serviclean.be\/de\/wp-json\/wp\/v2\/media?parent=28745"}],"wp:term":[{"taxonomy":"product_brand","embeddable":true,"href":"https:\/\/serviclean.be\/de\/wp-json\/wp\/v2\/product_brand?post=28745"},{"taxonomy":"product_cat","embeddable":true,"href":"https:\/\/serviclean.be\/de\/wp-json\/wp\/v2\/product_cat?post=28745"},{"taxonomy":"product_tag","embeddable":true,"href":"https:\/\/serviclean.be\/de\/wp-json\/wp\/v2\/product_tag?post=28745"}],"curies":[{"name":"wp","href":"https:\/\/api.w.org\/{rel}","templated":true}]}}