{"id":28739,"date":"2021-01-09T16:56:46","date_gmt":"2021-01-09T15:56:46","guid":{"rendered":"https:\/\/serviclean.be\/produit\/flachwischmopp-wet-system-40-x-13-cm-3-loecher\/"},"modified":"2021-01-09T16:56:46","modified_gmt":"2021-01-09T15:56:46","slug":"flachwischmopp-wet-system-40-x-13-cm-3-loecher","status":"publish","type":"product","link":"https:\/\/serviclean.be\/de\/produit\/flachwischmopp-wet-system-40-x-13-cm-3-loecher\/","title":{"rendered":"FLACHWISCHMOPP \u201eWET SYSTEM\u201c \u2013 40 \u00d7 13 cm, 3 L\u00f6cher"},"content":{"rendered":"<p data-rm-block-id=\"block-1\"> <strong>Gebrauchsanweisung:<\/strong> Die Anwendung wird nass zum Waschen und Desinfizieren empfohlen. Dieses System ist ideal f\u00fcr eine professionelle und effiziente Reinigung von B\u00f6den, W\u00e4nden und Decken. Mit Wet System bleiben die Fransen beim Sp\u00fclen und Auswringen am Halter befestigt, sodass Sie sich nicht b\u00fccken m\u00fcssen und keinen direkten Kontakt mit Schmutz und Reinigungsl\u00f6sung haben. Mit Wet System erfolgt die Arbeit im Vergleich zu herk\u00f6mmlichen Systemen schneller, ergonomischer und effizienter. Saugf\u00e4higkeit: trocken nimmt es bis zum Zweifachen seines Eigengewichts auf. <strong>FLACHFRANSE WET SYSTEM \u2013 40 \u00d7 13 cm, 3 L\u00f6cher<\/strong>: Dieses Modell ist darauf ausgelegt, die Reinigungseffizienz zu maximieren und gleichzeitig den k\u00f6rperlichen Aufwand zu minimieren. Die Fransen sind speziell entwickelt, um eine lange Lebensdauer zu gew\u00e4hrleisten, und k\u00f6nnen \u00fcber 300-mal gewaschen werden, ohne an Leistung zu verlieren. Um die Qualit\u00e4t zu erhalten, ist es wichtig, die maximale Waschtemperatur von 90 \u00b0C einzuhalten und alkalische Reinigungsmittel zu vermeiden. Au\u00dferdem wird ausschlie\u00dflich Sauerstoffbleiche empfohlen, und Trocknen im W\u00e4schetrockner ist zu vermeiden, um die Integrit\u00e4t des Produkts zu erhalten. Entscheiden Sie sich f\u00fcr die FLACHFRANSE WET SYSTEM \u2013 40 \u00d7 13 cm, 3 L\u00f6cher f\u00fcr kompromisslose professionelle Reinigung.        <\/p>\n","protected":false},"excerpt":{"rendered":"<p>Polyesterfranse 40 cm, innen Endlosfaden und au\u00dfen geschnitten, Tr\u00e4ger aus Polyester. Auf den Tr\u00e4ger sind 2 Laschen mit je zwei L\u00f6chern gen\u00e4ht, passend f\u00fcr das Wet-System. <\/p>\n<p><strong><span style=\"color: #008000;\">Ref.: 1312<\/span><\/strong><\/p>\n","protected":false},"featured_media":28741,"template":"","meta":[],"product_brand":[],"product_cat":[664],"product_tag":[],"class_list":{"0":"post-28739","1":"product","2":"type-product","3":"status-publish","4":"has-post-thumbnail","6":"product_cat-moppbezuge-und-mopps","8":"first","9":"instock","10":"taxable","11":"shipping-taxable","12":"purchasable","13":"product-type-simple"},"acf":[],"_links":{"self":[{"href":"https:\/\/serviclean.be\/de\/wp-json\/wp\/v2\/product\/28739","targetHints":{"allow":["GET"]}}],"collection":[{"href":"https:\/\/serviclean.be\/de\/wp-json\/wp\/v2\/product"}],"about":[{"href":"https:\/\/serviclean.be\/de\/wp-json\/wp\/v2\/types\/product"}],"wp:featuredmedia":[{"embeddable":true,"href":"https:\/\/serviclean.be\/de\/wp-json\/wp\/v2\/media\/28741"}],"wp:attachment":[{"href":"https:\/\/serviclean.be\/de\/wp-json\/wp\/v2\/media?parent=28739"}],"wp:term":[{"taxonomy":"product_brand","embeddable":true,"href":"https:\/\/serviclean.be\/de\/wp-json\/wp\/v2\/product_brand?post=28739"},{"taxonomy":"product_cat","embeddable":true,"href":"https:\/\/serviclean.be\/de\/wp-json\/wp\/v2\/product_cat?post=28739"},{"taxonomy":"product_tag","embeddable":true,"href":"https:\/\/serviclean.be\/de\/wp-json\/wp\/v2\/product_tag?post=28739"}],"curies":[{"name":"wp","href":"https:\/\/api.w.org\/{rel}","templated":true}]}}