{"id":28703,"date":"2021-01-13T15:12:22","date_gmt":"2021-01-13T14:12:22","guid":{"rendered":"https:\/\/serviclean.be\/produit\/wc-buerste-pvc-weiss\/"},"modified":"2021-01-13T15:12:22","modified_gmt":"2021-01-13T14:12:22","slug":"wc-buerste-pvc-weiss","status":"publish","type":"product","link":"https:\/\/serviclean.be\/de\/produit\/wc-buerste-pvc-weiss\/","title":{"rendered":"WC-B\u00dcRSTE PVC WEISS."},"content":{"rendered":"<p>Die WC-B\u00fcrste aus wei\u00dfem PVC ist ein einfaches, funktionales und wirtschaftliches Zubeh\u00f6r f\u00fcr die t\u00e4gliche Toilettenpflege. Komplett aus widerstandsf\u00e4higem Kunststoff gefertigt, erm\u00f6glicht sie eine effektive Reinigung der Toilettensch\u00fcssel und ist dabei leicht abzusp\u00fclen und zu pflegen. Ihre schlichte wei\u00dfe Farbe f\u00fcgt sich diskret in alle Arten von Sanit\u00e4rbereichen ein.  <\/p>\n<p><strong>Haupteigenschaften<\/strong><\/p>\n<ul>\n<li>Robuste WC-B\u00fcrste aus PVC<\/li>\n<li>Farbe: Wei\u00df<\/li>\n<li>Ergonomischer Griff f\u00fcr guten Halt<\/li>\n<li>Leicht zu reinigen und zu pflegen<\/li>\n<li>Ideal f\u00fcr den privaten oder gewerblichen Gebrauch<\/li>\n<\/ul>\n","protected":false},"excerpt":{"rendered":"<p>WC-B\u00fcrste aus wei\u00dfem PVC, widerstandsf\u00e4hig und leicht zu reinigen. Praktisch f\u00fcr die einfache Toilettenpflege. <\/p>\n<p><span style=\"color: #008000;\"><strong>Art.-Nr.: 10903<\/strong><\/span><\/p>\n","protected":false},"featured_media":28705,"template":"","meta":[],"product_brand":[],"product_cat":[614],"product_tag":[],"class_list":{"0":"post-28703","1":"product","2":"type-product","3":"status-publish","4":"has-post-thumbnail","6":"product_cat-sanitarprodukte","8":"first","9":"instock","10":"taxable","11":"shipping-taxable","12":"purchasable","13":"product-type-simple"},"acf":[],"_links":{"self":[{"href":"https:\/\/serviclean.be\/de\/wp-json\/wp\/v2\/product\/28703","targetHints":{"allow":["GET"]}}],"collection":[{"href":"https:\/\/serviclean.be\/de\/wp-json\/wp\/v2\/product"}],"about":[{"href":"https:\/\/serviclean.be\/de\/wp-json\/wp\/v2\/types\/product"}],"wp:featuredmedia":[{"embeddable":true,"href":"https:\/\/serviclean.be\/de\/wp-json\/wp\/v2\/media\/28705"}],"wp:attachment":[{"href":"https:\/\/serviclean.be\/de\/wp-json\/wp\/v2\/media?parent=28703"}],"wp:term":[{"taxonomy":"product_brand","embeddable":true,"href":"https:\/\/serviclean.be\/de\/wp-json\/wp\/v2\/product_brand?post=28703"},{"taxonomy":"product_cat","embeddable":true,"href":"https:\/\/serviclean.be\/de\/wp-json\/wp\/v2\/product_cat?post=28703"},{"taxonomy":"product_tag","embeddable":true,"href":"https:\/\/serviclean.be\/de\/wp-json\/wp\/v2\/product_tag?post=28703"}],"curies":[{"name":"wp","href":"https:\/\/api.w.org\/{rel}","templated":true}]}}