{"id":28632,"date":"2021-03-19T19:00:53","date_gmt":"2021-03-19T18:00:53","guid":{"rendered":"https:\/\/serviclean.be\/produit\/suppen-und-nudelschalen-20-oz-braun-weiss-600-ml-500-stk\/"},"modified":"2021-03-19T19:00:53","modified_gmt":"2021-03-19T18:00:53","slug":"suppen-und-nudelschalen-20-oz-braun-weiss-600-ml-500-stk","status":"publish","type":"product","link":"https:\/\/serviclean.be\/de\/produit\/suppen-und-nudelschalen-20-oz-braun-weiss-600-ml-500-stk\/","title":{"rendered":"Suppen- und Nudelschalen 20 OZ Braun\/Wei\u00df 600 ml (500 Stk.)"},"content":{"rendered":"<p>Suppenschalen 20 oz (600 ml) braun\/wei\u00df, robust und praktisch. Ideal f\u00fcr Suppen, Br\u00fchen und warme Gerichte, perfekt f\u00fcr Gastronomie und zum Mitnehmen. <\/p>\n<p><strong>Eigenschaften:<\/strong><\/p>\n<ul>\n<li>Fassungsverm\u00f6gen: 16 OZ \/ 600 ml<br \/>\nFarbe: Braun \/ Wei\u00df<br \/>\nVerwendung: Suppe, Br\u00fche, warme Gerichte<br \/>\nIdeal f\u00fcr Gastronomie und Take-away<\/li>\n<\/ul>\n<p><strong>Verpackung:<\/strong><\/p>\n<ul>\n<li>Menge pro Karton: 500 Stk.<\/li>\n<\/ul>\n","protected":false},"excerpt":{"rendered":"<p>Suppenschalen 20 OZ \u2013 600 ml Braun\/Wei\u00df<\/p>\n<p><span style=\"color: #008000;\"><strong>Ref: 2112, 2110<\/strong><\/span><\/p>\n","protected":false},"featured_media":28600,"template":"","meta":[],"product_brand":[],"product_cat":[624,686],"product_tag":[],"class_list":{"0":"post-28632","1":"product","2":"type-product","3":"status-publish","4":"has-post-thumbnail","6":"product_cat-catering","7":"product_cat-suppen-und-pastaschalen","9":"first","10":"instock","11":"taxable","12":"shipping-taxable","13":"purchasable","14":"product-type-variable"},"acf":[],"_links":{"self":[{"href":"https:\/\/serviclean.be\/de\/wp-json\/wp\/v2\/product\/28632","targetHints":{"allow":["GET"]}}],"collection":[{"href":"https:\/\/serviclean.be\/de\/wp-json\/wp\/v2\/product"}],"about":[{"href":"https:\/\/serviclean.be\/de\/wp-json\/wp\/v2\/types\/product"}],"wp:featuredmedia":[{"embeddable":true,"href":"https:\/\/serviclean.be\/de\/wp-json\/wp\/v2\/media\/28600"}],"wp:attachment":[{"href":"https:\/\/serviclean.be\/de\/wp-json\/wp\/v2\/media?parent=28632"}],"wp:term":[{"taxonomy":"product_brand","embeddable":true,"href":"https:\/\/serviclean.be\/de\/wp-json\/wp\/v2\/product_brand?post=28632"},{"taxonomy":"product_cat","embeddable":true,"href":"https:\/\/serviclean.be\/de\/wp-json\/wp\/v2\/product_cat?post=28632"},{"taxonomy":"product_tag","embeddable":true,"href":"https:\/\/serviclean.be\/de\/wp-json\/wp\/v2\/product_tag?post=28632"}],"curies":[{"name":"wp","href":"https:\/\/api.w.org\/{rel}","templated":true}]}}