{"id":28626,"date":"2021-03-22T22:44:07","date_gmt":"2021-03-22T21:44:07","guid":{"rendered":"https:\/\/serviclean.be\/produit\/suppen-und-pastaschalen-26-oz-braun-weiss-780-ml-500-stk\/"},"modified":"2021-03-22T22:44:07","modified_gmt":"2021-03-22T21:44:07","slug":"suppen-und-pastaschalen-26-oz-braun-weiss-780-ml-500-stk","status":"publish","type":"product","link":"https:\/\/serviclean.be\/de\/produit\/suppen-und-pastaschalen-26-oz-braun-weiss-780-ml-500-stk\/","title":{"rendered":"Suppen- und Pastaschalen 26 oz Braun\/Wei\u00df 780 ml (500 Stk.)"},"content":{"rendered":"<p>Suppenschalen 16 oz (480 ml) Braun\/Wei\u00df, robust und praktisch. Ideal f\u00fcr Suppen, Br\u00fchen und warme Gerichte \u2013 perfekt f\u00fcr Gastronomie und Take-away. <\/p>\n<p><strong>Eigenschaften:<\/strong><\/p>\n<ul>\n<li>Fassungsverm\u00f6gen: 26 oz \/ 780 ml<br \/>\nFarbe: Braun \/ Wei\u00df<br \/>\nVerwendung: Suppe, Br\u00fche, warme Gerichte<br \/>\nIdeal f\u00fcr Gastronomie und Take-away<\/li>\n<\/ul>\n<p><strong>Verpackungseinheit:<\/strong><\/p>\n<ul>\n<li>Menge pro Karton: 500 Stk.<\/li>\n<\/ul>\n","protected":false},"excerpt":{"rendered":"<p>Suppenschalen 26 oz \u2013 780 ml Braun\/Wei\u00df<\/p>\n<p><span style=\"color: #008000;\"><strong>Ref.: 2108, 2107<\/strong><\/span><\/p>\n","protected":false},"featured_media":28409,"template":"","meta":[],"product_brand":[],"product_cat":[624,686],"product_tag":[],"class_list":{"0":"post-28626","1":"product","2":"type-product","3":"status-publish","4":"has-post-thumbnail","6":"product_cat-catering","7":"product_cat-suppen-und-pastaschalen","9":"first","10":"instock","11":"taxable","12":"shipping-taxable","13":"purchasable","14":"product-type-variable"},"acf":[],"_links":{"self":[{"href":"https:\/\/serviclean.be\/de\/wp-json\/wp\/v2\/product\/28626","targetHints":{"allow":["GET"]}}],"collection":[{"href":"https:\/\/serviclean.be\/de\/wp-json\/wp\/v2\/product"}],"about":[{"href":"https:\/\/serviclean.be\/de\/wp-json\/wp\/v2\/types\/product"}],"wp:featuredmedia":[{"embeddable":true,"href":"https:\/\/serviclean.be\/de\/wp-json\/wp\/v2\/media\/28409"}],"wp:attachment":[{"href":"https:\/\/serviclean.be\/de\/wp-json\/wp\/v2\/media?parent=28626"}],"wp:term":[{"taxonomy":"product_brand","embeddable":true,"href":"https:\/\/serviclean.be\/de\/wp-json\/wp\/v2\/product_brand?post=28626"},{"taxonomy":"product_cat","embeddable":true,"href":"https:\/\/serviclean.be\/de\/wp-json\/wp\/v2\/product_cat?post=28626"},{"taxonomy":"product_tag","embeddable":true,"href":"https:\/\/serviclean.be\/de\/wp-json\/wp\/v2\/product_tag?post=28626"}],"curies":[{"name":"wp","href":"https:\/\/api.w.org\/{rel}","templated":true}]}}