{"id":28624,"date":"2021-05-01T20:39:50","date_gmt":"2021-05-01T18:39:50","guid":{"rendered":"https:\/\/serviclean.be\/produit\/ovaler-eckenbesen-grosses-modell\/"},"modified":"2021-05-01T20:39:50","modified_gmt":"2021-05-01T18:39:50","slug":"ovaler-eckenbesen-grosses-modell","status":"publish","type":"product","link":"https:\/\/serviclean.be\/de\/produit\/ovaler-eckenbesen-grosses-modell\/","title":{"rendered":"Ovaler Eckenbesen, gro\u00dfes Modell"},"content":{"rendered":"","protected":false},"excerpt":{"rendered":"<p>Bestehend aus einem Metallgriff und einer PVC-Borsteneinheit erm\u00f6glicht der Eckenbesen das Abstauben von Oberfl\u00e4chen und Heizk\u00f6rpern. Er kann an Stangen befestigt werden.<br \/>\nREF: 2850 <\/p>\n","protected":false},"featured_media":28627,"template":"","meta":[],"product_brand":[],"product_cat":[600],"product_tag":[],"class_list":{"0":"post-28624","1":"product","2":"type-product","3":"status-publish","4":"has-post-thumbnail","6":"product_cat-kehren-entstauben","8":"first","9":"instock","10":"taxable","11":"shipping-taxable","12":"purchasable","13":"product-type-simple"},"acf":[],"_links":{"self":[{"href":"https:\/\/serviclean.be\/de\/wp-json\/wp\/v2\/product\/28624","targetHints":{"allow":["GET"]}}],"collection":[{"href":"https:\/\/serviclean.be\/de\/wp-json\/wp\/v2\/product"}],"about":[{"href":"https:\/\/serviclean.be\/de\/wp-json\/wp\/v2\/types\/product"}],"wp:featuredmedia":[{"embeddable":true,"href":"https:\/\/serviclean.be\/de\/wp-json\/wp\/v2\/media\/28627"}],"wp:attachment":[{"href":"https:\/\/serviclean.be\/de\/wp-json\/wp\/v2\/media?parent=28624"}],"wp:term":[{"taxonomy":"product_brand","embeddable":true,"href":"https:\/\/serviclean.be\/de\/wp-json\/wp\/v2\/product_brand?post=28624"},{"taxonomy":"product_cat","embeddable":true,"href":"https:\/\/serviclean.be\/de\/wp-json\/wp\/v2\/product_cat?post=28624"},{"taxonomy":"product_tag","embeddable":true,"href":"https:\/\/serviclean.be\/de\/wp-json\/wp\/v2\/product_tag?post=28624"}],"curies":[{"name":"wp","href":"https:\/\/api.w.org\/{rel}","templated":true}]}}