{"id":28608,"date":"2022-02-16T15:13:11","date_gmt":"2022-02-16T14:13:11","guid":{"rendered":"https:\/\/serviclean.be\/produit\/deckel-fuer-kraft-salatschuesseln-pet-kalt-2000-ml-300-stk\/"},"modified":"2022-02-16T15:13:11","modified_gmt":"2022-02-16T14:13:11","slug":"deckel-fuer-kraft-salatschuesseln-pet-kalt-2000-ml-300-stk","status":"publish","type":"product","link":"https:\/\/serviclean.be\/de\/produit\/deckel-fuer-kraft-salatschuesseln-pet-kalt-2000-ml-300-stk\/","title":{"rendered":"Deckel f\u00fcr Kraft-Salatsch\u00fcsseln PET (kalt) 2000 ml (300 Stk.)"},"content":{"rendered":"<p>Deckel f\u00fcr transparente PET-Salatsch\u00fcsseln, geeignet f\u00fcr die Verwendung mit kalten Speisen.<\/p>\n","protected":false},"excerpt":{"rendered":"<p><span data-sheets-value=\"{\"1\":2,\"2\":\"Dimensions : 225mm\"}\">Abmessungen: 225 mm<\/span><\/p>\n<p><strong><span style=\"color: #008000;\">Ref.: 2095<\/span><\/strong><\/p>\n","protected":false},"featured_media":28610,"template":"","meta":[],"product_brand":[],"product_cat":[624,690],"product_tag":[],"class_list":{"0":"post-28608","1":"product","2":"type-product","3":"status-publish","4":"has-post-thumbnail","6":"product_cat-catering","7":"product_cat-deckel-fur-kraft-salatschalen-pet","9":"first","10":"instock","11":"taxable","12":"shipping-taxable","13":"purchasable","14":"product-type-simple"},"acf":[],"_links":{"self":[{"href":"https:\/\/serviclean.be\/de\/wp-json\/wp\/v2\/product\/28608","targetHints":{"allow":["GET"]}}],"collection":[{"href":"https:\/\/serviclean.be\/de\/wp-json\/wp\/v2\/product"}],"about":[{"href":"https:\/\/serviclean.be\/de\/wp-json\/wp\/v2\/types\/product"}],"wp:featuredmedia":[{"embeddable":true,"href":"https:\/\/serviclean.be\/de\/wp-json\/wp\/v2\/media\/28610"}],"wp:attachment":[{"href":"https:\/\/serviclean.be\/de\/wp-json\/wp\/v2\/media?parent=28608"}],"wp:term":[{"taxonomy":"product_brand","embeddable":true,"href":"https:\/\/serviclean.be\/de\/wp-json\/wp\/v2\/product_brand?post=28608"},{"taxonomy":"product_cat","embeddable":true,"href":"https:\/\/serviclean.be\/de\/wp-json\/wp\/v2\/product_cat?post=28608"},{"taxonomy":"product_tag","embeddable":true,"href":"https:\/\/serviclean.be\/de\/wp-json\/wp\/v2\/product_tag?post=28608"}],"curies":[{"name":"wp","href":"https:\/\/api.w.org\/{rel}","templated":true}]}}