{"id":28606,"date":"2022-02-16T15:02:07","date_gmt":"2022-02-16T14:02:07","guid":{"rendered":"https:\/\/serviclean.be\/produit\/take-away-salatschuesseldeckel-kraft-pet-kalt-500-ml-300-stk\/"},"modified":"2022-02-16T15:02:07","modified_gmt":"2022-02-16T14:02:07","slug":"take-away-salatschuesseldeckel-kraft-pet-kalt-500-ml-300-stk","status":"publish","type":"product","link":"https:\/\/serviclean.be\/de\/produit\/take-away-salatschuesseldeckel-kraft-pet-kalt-500-ml-300-stk\/","title":{"rendered":"Take Away Salatsch\u00fcsseldeckel Kraft-PET (Kalt) 500 ml (300 Stk.)"},"content":{"rendered":"<p>Transparente PET-Salatsch\u00fcsseldeckel, erh\u00e4ltlich f\u00fcr die Verwendung mit kalten Speisen.<\/p>\n","protected":false},"excerpt":{"rendered":"<p><span data-sheets-value=\"{\"1\":2,\"2\":\"Dimensions : 148mm\"}\">Ma\u00dfe: 148 mm<\/span><\/p>\n<p>Karton mit 300 Stk.<\/p>\n<p><span style=\"color: #008000;\"><strong>Art.-Nr.: 0656<\/strong><\/span><\/p>\n","protected":false},"featured_media":28604,"template":"","meta":[],"product_brand":[],"product_cat":[624,690],"product_tag":[],"class_list":{"0":"post-28606","1":"product","2":"type-product","3":"status-publish","4":"has-post-thumbnail","6":"product_cat-catering","7":"product_cat-deckel-fur-kraft-salatschalen-pet","9":"first","10":"instock","11":"taxable","12":"shipping-taxable","13":"purchasable","14":"product-type-simple"},"acf":[],"_links":{"self":[{"href":"https:\/\/serviclean.be\/de\/wp-json\/wp\/v2\/product\/28606","targetHints":{"allow":["GET"]}}],"collection":[{"href":"https:\/\/serviclean.be\/de\/wp-json\/wp\/v2\/product"}],"about":[{"href":"https:\/\/serviclean.be\/de\/wp-json\/wp\/v2\/types\/product"}],"wp:featuredmedia":[{"embeddable":true,"href":"https:\/\/serviclean.be\/de\/wp-json\/wp\/v2\/media\/28604"}],"wp:attachment":[{"href":"https:\/\/serviclean.be\/de\/wp-json\/wp\/v2\/media?parent=28606"}],"wp:term":[{"taxonomy":"product_brand","embeddable":true,"href":"https:\/\/serviclean.be\/de\/wp-json\/wp\/v2\/product_brand?post=28606"},{"taxonomy":"product_cat","embeddable":true,"href":"https:\/\/serviclean.be\/de\/wp-json\/wp\/v2\/product_cat?post=28606"},{"taxonomy":"product_tag","embeddable":true,"href":"https:\/\/serviclean.be\/de\/wp-json\/wp\/v2\/product_tag?post=28606"}],"curies":[{"name":"wp","href":"https:\/\/api.w.org\/{rel}","templated":true}]}}