{"id":28602,"date":"2022-02-17T16:21:48","date_gmt":"2022-02-17T15:21:48","guid":{"rendered":"https:\/\/serviclean.be\/produit\/suppen-und-nudelschalen-16-oz-braun-weiss-480-ml-500-stk\/"},"modified":"2022-02-17T16:21:48","modified_gmt":"2022-02-17T15:21:48","slug":"suppen-und-nudelschalen-16-oz-braun-weiss-480-ml-500-stk","status":"publish","type":"product","link":"https:\/\/serviclean.be\/de\/produit\/suppen-und-nudelschalen-16-oz-braun-weiss-480-ml-500-stk\/","title":{"rendered":"Suppen- und Nudelschalen 16 OZ Braun\/Wei\u00df 480 ml (500 Stk.)"},"content":{"rendered":"<p>Suppenschalen 16 oz (480 ml) braun\/wei\u00df, stabil und praktisch. Ideal f\u00fcr Suppen, Br\u00fchen und warme Speisen, perfekt f\u00fcr Gastronomie und Take-away. <\/p>\n<p><strong>Eigenschaften:<\/strong><\/p>\n<ul>\n<li>Kapazit\u00e4t: 16 OZ \/ 480 ml<br \/>\nFarbe: Braun \/ Wei\u00df<br \/>\nVerwendung: Suppe, Br\u00fche, warme Speisen<br \/>\nIdeal f\u00fcr Gastronomie und Take-away<\/li>\n<\/ul>\n<p><strong>Verpackung:<\/strong><\/p>\n<ul>\n<li>Menge pro Karton: 500 Stk.<\/li>\n<\/ul>\n","protected":false},"excerpt":{"rendered":"<p>Suppenschalen 16 OZ \u2013 480 ml Braun\/Wei\u00df<\/p>\n<p><span style=\"color: #008000;\"><strong>Art.-Nr.: 2111, 2117<\/strong><\/span><\/p>\n","protected":false},"featured_media":28600,"template":"","meta":[],"product_brand":[],"product_cat":[624,686],"product_tag":[],"class_list":{"0":"post-28602","1":"product","2":"type-product","3":"status-publish","4":"has-post-thumbnail","6":"product_cat-catering","7":"product_cat-suppen-und-pastaschalen","9":"first","10":"instock","11":"taxable","12":"shipping-taxable","13":"purchasable","14":"product-type-variable"},"acf":[],"_links":{"self":[{"href":"https:\/\/serviclean.be\/de\/wp-json\/wp\/v2\/product\/28602","targetHints":{"allow":["GET"]}}],"collection":[{"href":"https:\/\/serviclean.be\/de\/wp-json\/wp\/v2\/product"}],"about":[{"href":"https:\/\/serviclean.be\/de\/wp-json\/wp\/v2\/types\/product"}],"wp:featuredmedia":[{"embeddable":true,"href":"https:\/\/serviclean.be\/de\/wp-json\/wp\/v2\/media\/28600"}],"wp:attachment":[{"href":"https:\/\/serviclean.be\/de\/wp-json\/wp\/v2\/media?parent=28602"}],"wp:term":[{"taxonomy":"product_brand","embeddable":true,"href":"https:\/\/serviclean.be\/de\/wp-json\/wp\/v2\/product_brand?post=28602"},{"taxonomy":"product_cat","embeddable":true,"href":"https:\/\/serviclean.be\/de\/wp-json\/wp\/v2\/product_cat?post=28602"},{"taxonomy":"product_tag","embeddable":true,"href":"https:\/\/serviclean.be\/de\/wp-json\/wp\/v2\/product_tag?post=28602"}],"curies":[{"name":"wp","href":"https:\/\/api.w.org\/{rel}","templated":true}]}}