{"id":28593,"date":"2022-02-16T15:08:37","date_gmt":"2022-02-16T14:08:37","guid":{"rendered":"https:\/\/serviclean.be\/produit\/deckel-fuer-kraft-salatschalen-pet-kalt-1300-ml-300-stk\/"},"modified":"2022-02-16T15:08:37","modified_gmt":"2022-02-16T14:08:37","slug":"deckel-fuer-kraft-salatschalen-pet-kalt-1300-ml-300-stk","status":"publish","type":"product","link":"https:\/\/serviclean.be\/de\/produit\/deckel-fuer-kraft-salatschalen-pet-kalt-1300-ml-300-stk\/","title":{"rendered":"Deckel f\u00fcr Kraft-Salatschalen PET (kalt) 1300 ml (300 Stk.)"},"content":{"rendered":"<p>Transparente PET-Deckel f\u00fcr Salatschalen, geeignet f\u00fcr die Verwendung mit kalten Speisen.<\/p>\n","protected":false},"excerpt":{"rendered":"<p><span data-sheets-value=\"{\"1\":2,\"2\":\"Dimensions : 184mm\"}\">Abmessungen: 184 mm<\/span><\/p>\n<p>Karton mit 300 Stk.<\/p>\n<p><strong><span style=\"color: #008000;\">Ref.: 0654<\/span><\/strong><\/p>\n","protected":false},"featured_media":28596,"template":"","meta":[],"product_brand":[],"product_cat":[624,690],"product_tag":[],"class_list":{"0":"post-28593","1":"product","2":"type-product","3":"status-publish","4":"has-post-thumbnail","6":"product_cat-catering","7":"product_cat-deckel-fur-kraft-salatschalen-pet","9":"first","10":"instock","11":"taxable","12":"shipping-taxable","13":"purchasable","14":"product-type-simple"},"acf":[],"_links":{"self":[{"href":"https:\/\/serviclean.be\/de\/wp-json\/wp\/v2\/product\/28593","targetHints":{"allow":["GET"]}}],"collection":[{"href":"https:\/\/serviclean.be\/de\/wp-json\/wp\/v2\/product"}],"about":[{"href":"https:\/\/serviclean.be\/de\/wp-json\/wp\/v2\/types\/product"}],"wp:featuredmedia":[{"embeddable":true,"href":"https:\/\/serviclean.be\/de\/wp-json\/wp\/v2\/media\/28596"}],"wp:attachment":[{"href":"https:\/\/serviclean.be\/de\/wp-json\/wp\/v2\/media?parent=28593"}],"wp:term":[{"taxonomy":"product_brand","embeddable":true,"href":"https:\/\/serviclean.be\/de\/wp-json\/wp\/v2\/product_brand?post=28593"},{"taxonomy":"product_cat","embeddable":true,"href":"https:\/\/serviclean.be\/de\/wp-json\/wp\/v2\/product_cat?post=28593"},{"taxonomy":"product_tag","embeddable":true,"href":"https:\/\/serviclean.be\/de\/wp-json\/wp\/v2\/product_tag?post=28593"}],"curies":[{"name":"wp","href":"https:\/\/api.w.org\/{rel}","templated":true}]}}