{"id":28578,"date":"2022-04-08T13:33:09","date_gmt":"2022-04-08T11:33:09","guid":{"rendered":"https:\/\/serviclean.be\/produit\/microfaser-mopp-mit-klettverschluss-microblue-60-cm\/"},"modified":"2022-04-08T13:33:09","modified_gmt":"2022-04-08T11:33:09","slug":"microfaser-mopp-mit-klettverschluss-microblue-60-cm","status":"publish","type":"product","link":"https:\/\/serviclean.be\/de\/produit\/microfaser-mopp-mit-klettverschluss-microblue-60-cm\/","title":{"rendered":"MICROFASER-MOPP MIT KLETTVERSCHLUSS MICROBLUE &#8211; 60 cm"},"content":{"rendered":"","protected":false},"excerpt":{"rendered":"<p>Hochabsorbierender Microfaser-Mopp mit Klettverschluss auf der R\u00fcckseite.<br \/>\nSYSTEM: Flachsystem mit Klettverschluss-Halter, zur Verwendung vorimpr\u00e4gniert oder bei Bedarf impr\u00e4gniert mit integriertem Impr\u00e4gniersystem oder mit Reservoir-Stiel<br \/>\nIdeal f\u00fcr die h\u00e4ufige Reinigung glatter Oberfl\u00e4chen<br \/>\n<strong>Ref: 1305<\/strong><\/p>\n","protected":false},"featured_media":28582,"template":"","meta":[],"product_brand":[],"product_cat":[591,600,664],"product_tag":[],"class_list":{"0":"post-28578","1":"product","2":"type-product","3":"status-publish","4":"has-post-thumbnail","6":"product_cat-material-zubehor","7":"product_cat-kehren-entstauben","8":"product_cat-moppbezuge-und-mopps","10":"first","11":"instock","12":"taxable","13":"shipping-taxable","14":"purchasable","15":"product-type-simple"},"acf":[],"_links":{"self":[{"href":"https:\/\/serviclean.be\/de\/wp-json\/wp\/v2\/product\/28578","targetHints":{"allow":["GET"]}}],"collection":[{"href":"https:\/\/serviclean.be\/de\/wp-json\/wp\/v2\/product"}],"about":[{"href":"https:\/\/serviclean.be\/de\/wp-json\/wp\/v2\/types\/product"}],"wp:featuredmedia":[{"embeddable":true,"href":"https:\/\/serviclean.be\/de\/wp-json\/wp\/v2\/media\/28582"}],"wp:attachment":[{"href":"https:\/\/serviclean.be\/de\/wp-json\/wp\/v2\/media?parent=28578"}],"wp:term":[{"taxonomy":"product_brand","embeddable":true,"href":"https:\/\/serviclean.be\/de\/wp-json\/wp\/v2\/product_brand?post=28578"},{"taxonomy":"product_cat","embeddable":true,"href":"https:\/\/serviclean.be\/de\/wp-json\/wp\/v2\/product_cat?post=28578"},{"taxonomy":"product_tag","embeddable":true,"href":"https:\/\/serviclean.be\/de\/wp-json\/wp\/v2\/product_tag?post=28578"}],"curies":[{"name":"wp","href":"https:\/\/api.w.org\/{rel}","templated":true}]}}