{"id":28573,"date":"2022-04-08T14:38:52","date_gmt":"2022-04-08T12:38:52","guid":{"rendered":"https:\/\/serviclean.be\/produit\/baumwoll-fransenmopp-mit-band-450-g-ecolabel\/"},"modified":"2022-04-08T14:38:52","modified_gmt":"2022-04-08T12:38:52","slug":"baumwoll-fransenmopp-mit-band-450-g-ecolabel","status":"publish","type":"product","link":"https:\/\/serviclean.be\/de\/produit\/baumwoll-fransenmopp-mit-band-450-g-ecolabel\/","title":{"rendered":"BAUMWOLL-FRANSENMOPP MIT BAND 450 G Ecolabel"},"content":{"rendered":"<p>\u2022 <strong>Optimale Saugf\u00e4higkeit<\/strong>: Das hohe Gewicht der Fransenmopps nimmt viel Reinigungsl\u00f6sung auf, was die Reinigungsautonomie erh\u00f6ht<br \/>\n\u2022 <strong>Praktisch<\/strong>: Das breite Band erleichtert das Befestigen des Fransenmopps am Halter<br \/>\n\u2022 <strong>Effizient<\/strong>: Das gen\u00e4hte Band h\u00e4lt die Fasern zusammen und sorgt f\u00fcr eine bessere Schmutzaufnahme sowie ein besseres Reinigungsergebnis<br \/>\n\u2022 <strong>Einfach<\/strong>: Leicht in der Anwendung<\/p>\n","protected":false},"excerpt":{"rendered":"<p>Ecolabel-Fransenmopp mit breitem Band und gen\u00e4htem Band<br \/>\nBaumwoll-Fransenmopp mit 8 cm breitem Band und gen\u00e4htem Band.<\/p>\n<p><strong><span style=\"color: #008000;\">Art.-Nr.: 1228<\/span><\/strong><\/p>\n","protected":false},"featured_media":28577,"template":"","meta":[],"product_brand":[],"product_cat":[664,591],"product_tag":[],"class_list":{"0":"post-28573","1":"product","2":"type-product","3":"status-publish","4":"has-post-thumbnail","6":"product_cat-moppbezuge-und-mopps","7":"product_cat-material-zubehor","9":"first","10":"instock","11":"taxable","12":"shipping-taxable","13":"purchasable","14":"product-type-simple"},"acf":[],"_links":{"self":[{"href":"https:\/\/serviclean.be\/de\/wp-json\/wp\/v2\/product\/28573","targetHints":{"allow":["GET"]}}],"collection":[{"href":"https:\/\/serviclean.be\/de\/wp-json\/wp\/v2\/product"}],"about":[{"href":"https:\/\/serviclean.be\/de\/wp-json\/wp\/v2\/types\/product"}],"wp:featuredmedia":[{"embeddable":true,"href":"https:\/\/serviclean.be\/de\/wp-json\/wp\/v2\/media\/28577"}],"wp:attachment":[{"href":"https:\/\/serviclean.be\/de\/wp-json\/wp\/v2\/media?parent=28573"}],"wp:term":[{"taxonomy":"product_brand","embeddable":true,"href":"https:\/\/serviclean.be\/de\/wp-json\/wp\/v2\/product_brand?post=28573"},{"taxonomy":"product_cat","embeddable":true,"href":"https:\/\/serviclean.be\/de\/wp-json\/wp\/v2\/product_cat?post=28573"},{"taxonomy":"product_tag","embeddable":true,"href":"https:\/\/serviclean.be\/de\/wp-json\/wp\/v2\/product_tag?post=28573"}],"curies":[{"name":"wp","href":"https:\/\/api.w.org\/{rel}","templated":true}]}}