{"id":28558,"date":"2022-04-08T14:48:27","date_gmt":"2022-04-08T12:48:27","guid":{"rendered":"https:\/\/serviclean.be\/produit\/mop-halterung-pvc-blau-grau\/"},"modified":"2022-04-08T14:48:27","modified_gmt":"2022-04-08T12:48:27","slug":"mop-halterung-pvc-blau-grau","status":"publish","type":"product","link":"https:\/\/serviclean.be\/de\/produit\/mop-halterung-pvc-blau-grau\/","title":{"rendered":"MOP-HALTERUNG PVC BLAU\/GRAU"},"content":{"rendered":"<p>\u2022 <strong>Einfach<\/strong>: einfach zu bedienen<br \/>\n\u2022 <strong>Langlebig<\/strong>: Die abnehmbare Klemme sorgt f\u00fcr eine wesentlich l\u00e4ngere Lebensdauer im Vergleich zu Wischmopps mit Endst\u00fcck<\/p>\n","protected":false},"excerpt":{"rendered":"<p>Wischmopp-System mit Klemme, das mit einer Flachpresse oder Backenpresse verwendet werden kann.<br \/>\nIdeal f\u00fcr Restschmutz, wo ein h\u00e4ufiges Sp\u00fclen der Fasern notwendig ist.<\/p>\n<p>Art.-Nr.: 2062<\/p>\n","protected":false},"featured_media":28562,"template":"","meta":[],"product_brand":[],"product_cat":[664,591],"product_tag":[],"class_list":{"0":"post-28558","1":"product","2":"type-product","3":"status-publish","4":"has-post-thumbnail","6":"product_cat-moppbezuge-und-mopps","7":"product_cat-material-zubehor","9":"first","10":"instock","11":"taxable","12":"shipping-taxable","13":"purchasable","14":"product-type-simple"},"acf":[],"_links":{"self":[{"href":"https:\/\/serviclean.be\/de\/wp-json\/wp\/v2\/product\/28558","targetHints":{"allow":["GET"]}}],"collection":[{"href":"https:\/\/serviclean.be\/de\/wp-json\/wp\/v2\/product"}],"about":[{"href":"https:\/\/serviclean.be\/de\/wp-json\/wp\/v2\/types\/product"}],"wp:featuredmedia":[{"embeddable":true,"href":"https:\/\/serviclean.be\/de\/wp-json\/wp\/v2\/media\/28562"}],"wp:attachment":[{"href":"https:\/\/serviclean.be\/de\/wp-json\/wp\/v2\/media?parent=28558"}],"wp:term":[{"taxonomy":"product_brand","embeddable":true,"href":"https:\/\/serviclean.be\/de\/wp-json\/wp\/v2\/product_brand?post=28558"},{"taxonomy":"product_cat","embeddable":true,"href":"https:\/\/serviclean.be\/de\/wp-json\/wp\/v2\/product_cat?post=28558"},{"taxonomy":"product_tag","embeddable":true,"href":"https:\/\/serviclean.be\/de\/wp-json\/wp\/v2\/product_tag?post=28558"}],"curies":[{"name":"wp","href":"https:\/\/api.w.org\/{rel}","templated":true}]}}