{"id":28553,"date":"2022-04-12T12:33:27","date_gmt":"2022-04-12T10:33:27","guid":{"rendered":"https:\/\/serviclean.be\/produit\/wischtuch-aus-baumwollmischgewebe-60-x-70-cm\/"},"modified":"2022-04-12T12:33:27","modified_gmt":"2022-04-12T10:33:27","slug":"wischtuch-aus-baumwollmischgewebe-60-x-70-cm","status":"publish","type":"product","link":"https:\/\/serviclean.be\/de\/produit\/wischtuch-aus-baumwollmischgewebe-60-x-70-cm\/","title":{"rendered":"WISCHTUCH AUS BAUMWOLLMISCHGEWEBE 60 \u00d7 70 CM"},"content":{"rendered":"","protected":false},"excerpt":{"rendered":"<p>Reinigen Sie Ihre B\u00f6den und andere Oberfl\u00e4chen streifenfrei mit diesen super effektiven T\u00fcchern! Die wei\u00dfen T\u00fccher bestehen aus einem Baumwoll- und Viskosemischgewebe. <\/p>\n<p><strong><span style=\"color: #008000;\">REF: 2917<\/span><\/strong><\/p>\n","protected":false},"featured_media":28556,"template":"","meta":[],"product_brand":[],"product_cat":[616],"product_tag":[],"class_list":{"0":"post-28553","1":"product","2":"type-product","3":"status-publish","4":"has-post-thumbnail","6":"product_cat-tucher-und-geschirrtucher","8":"first","9":"instock","10":"taxable","11":"shipping-taxable","12":"purchasable","13":"product-type-simple"},"acf":[],"_links":{"self":[{"href":"https:\/\/serviclean.be\/de\/wp-json\/wp\/v2\/product\/28553","targetHints":{"allow":["GET"]}}],"collection":[{"href":"https:\/\/serviclean.be\/de\/wp-json\/wp\/v2\/product"}],"about":[{"href":"https:\/\/serviclean.be\/de\/wp-json\/wp\/v2\/types\/product"}],"wp:featuredmedia":[{"embeddable":true,"href":"https:\/\/serviclean.be\/de\/wp-json\/wp\/v2\/media\/28556"}],"wp:attachment":[{"href":"https:\/\/serviclean.be\/de\/wp-json\/wp\/v2\/media?parent=28553"}],"wp:term":[{"taxonomy":"product_brand","embeddable":true,"href":"https:\/\/serviclean.be\/de\/wp-json\/wp\/v2\/product_brand?post=28553"},{"taxonomy":"product_cat","embeddable":true,"href":"https:\/\/serviclean.be\/de\/wp-json\/wp\/v2\/product_cat?post=28553"},{"taxonomy":"product_tag","embeddable":true,"href":"https:\/\/serviclean.be\/de\/wp-json\/wp\/v2\/product_tag?post=28553"}],"curies":[{"name":"wp","href":"https:\/\/api.w.org\/{rel}","templated":true}]}}