{"id":28550,"date":"2022-05-05T12:41:30","date_gmt":"2022-05-05T10:41:30","guid":{"rendered":"https:\/\/serviclean.be\/produit\/mikroperlen-seife-45-kg-solfante\/"},"modified":"2022-05-05T12:41:30","modified_gmt":"2022-05-05T10:41:30","slug":"mikroperlen-seife-45-kg-solfante","status":"publish","type":"product","link":"https:\/\/serviclean.be\/de\/produit\/mikroperlen-seife-45-kg-solfante\/","title":{"rendered":"MIKROPERLEN-SEIFE 4,5 KG SOLFANT\u00c9"},"content":{"rendered":"<p data-start=\"137\" data-end=\"204\"><strong data-start=\"137\" data-end=\"204\">Mikroperlen-Seife Solfant\u00e9 4,5 kg \u2013 Intensive Handreinigung<\/strong><\/p>\n<p data-start=\"206\" data-end=\"592\">Die Mikroperlen-Seife Solfant\u00e9 ist speziell f\u00fcr die Tiefenreinigung stark verschmutzter H\u00e4nde konzipiert, insbesondere in den Bereichen Industrie, Mechanik, Bau oder Instandhaltung. Dank ihrer mit nat\u00fcrlichen Mikroperlen angereicherten Formel entfernt sie effektiv Fette, \u00d6le, Farben, Tinten und andere hartn\u00e4ckige Verschmutzungen bei gleichzeitiger Hautschonung. <\/p>\n<p data-start=\"594\" data-end=\"783\">Im wirtschaftlichen Format von 4,5 kg ist diese Seife ideal f\u00fcr den intensiven professionellen Einsatz. Sie hinterl\u00e4sst die H\u00e4nde nach jeder Anwendung sauber, weich und angenehm duftend. <\/p>\n<h3 data-start=\"785\" data-end=\"807\">Eigenschaften:<\/h3>\n<ul data-start=\"808\" data-end=\"1074\">\n<li data-start=\"808\" data-end=\"855\">\n<p data-start=\"810\" data-end=\"855\">Kraftvolle Formel mit nat\u00fcrlichen Mikroperlen<\/p>\n<\/li>\n<li data-start=\"856\" data-end=\"918\">\n<p data-start=\"858\" data-end=\"918\">Entfernt hartn\u00e4ckige Verschmutzungen (Fett, Farbe, \u00d6l&#8230;)<\/p>\n<\/li>\n<li data-start=\"919\" data-end=\"964\">\n<p data-start=\"921\" data-end=\"964\">Schont die Haut, auch bei h\u00e4ufiger Anwendung<\/p>\n<\/li>\n<li data-start=\"965\" data-end=\"1026\">\n<p data-start=\"967\" data-end=\"1026\">Eimer-Format 4,5 kg f\u00fcr professionelle Umgebungen geeignet<\/p>\n<\/li>\n<li data-start=\"1027\" data-end=\"1074\">\n<p data-start=\"1029\" data-end=\"1074\">Ideal f\u00fcr Werkst\u00e4tten, Garagen, Baustellen usw.<\/p>\n<\/li>\n<\/ul>\n<p><span style=\"color: #008000;\"><strong>Art.-Nr.: 5279<\/strong><\/span><\/p>\n","protected":false},"excerpt":{"rendered":"<p>Mikroperlen-Gelseife, besonders wirksam f\u00fcr die Reinigung von H\u00e4nden, die stark verschmutzt sind durch Schmierfett, Klebstoffe, Fette, Bremsstaub, Teer und frische Farben.<br \/>\nKanister 4,5 L.<\/p>\n<p><strong><span style=\"color: #008000;\">Art.-Nr.: 5279<\/span><\/strong><\/p>\n","protected":false},"featured_media":28552,"template":"","meta":[],"product_brand":[],"product_cat":[597,571],"product_tag":[],"class_list":{"0":"post-28550","1":"product","2":"type-product","3":"status-publish","4":"has-post-thumbnail","6":"product_cat-fettloser","7":"product_cat-handhygiene","9":"first","10":"instock","11":"taxable","12":"shipping-taxable","13":"purchasable","14":"product-type-simple"},"acf":[],"_links":{"self":[{"href":"https:\/\/serviclean.be\/de\/wp-json\/wp\/v2\/product\/28550","targetHints":{"allow":["GET"]}}],"collection":[{"href":"https:\/\/serviclean.be\/de\/wp-json\/wp\/v2\/product"}],"about":[{"href":"https:\/\/serviclean.be\/de\/wp-json\/wp\/v2\/types\/product"}],"wp:featuredmedia":[{"embeddable":true,"href":"https:\/\/serviclean.be\/de\/wp-json\/wp\/v2\/media\/28552"}],"wp:attachment":[{"href":"https:\/\/serviclean.be\/de\/wp-json\/wp\/v2\/media?parent=28550"}],"wp:term":[{"taxonomy":"product_brand","embeddable":true,"href":"https:\/\/serviclean.be\/de\/wp-json\/wp\/v2\/product_brand?post=28550"},{"taxonomy":"product_cat","embeddable":true,"href":"https:\/\/serviclean.be\/de\/wp-json\/wp\/v2\/product_cat?post=28550"},{"taxonomy":"product_tag","embeddable":true,"href":"https:\/\/serviclean.be\/de\/wp-json\/wp\/v2\/product_tag?post=28550"}],"curies":[{"name":"wp","href":"https:\/\/api.w.org\/{rel}","templated":true}]}}