{"id":28549,"date":"2022-04-12T12:41:01","date_gmt":"2022-04-12T10:41:01","guid":{"rendered":"https:\/\/serviclean.be\/produit\/bodentuch-aus-mischbaumwolle-60x70-cm\/"},"modified":"2022-04-12T12:41:01","modified_gmt":"2022-04-12T10:41:01","slug":"bodentuch-aus-mischbaumwolle-60x70-cm","status":"publish","type":"product","link":"https:\/\/serviclean.be\/de\/produit\/bodentuch-aus-mischbaumwolle-60x70-cm\/","title":{"rendered":"BODENTUCH AUS MISCHBAUMWOLLE 60X70 CM"},"content":{"rendered":"","protected":false},"excerpt":{"rendered":"<p>Reinigen Sie Ihre B\u00f6den und andere Oberfl\u00e4chen streifenfrei mit diesen hocheffizienten Wischt\u00fcchern! Die wei\u00dfen Wischt\u00fccher bestehen aus einer Mischung aus Baumwolle und Viskose. <\/p>\n<p><strong><span style=\"color: #008000;\">Ref.: 8671<\/span><\/strong><\/p>\n","protected":false},"featured_media":28551,"template":"","meta":[],"product_brand":[],"product_cat":[616],"product_tag":[],"class_list":{"0":"post-28549","1":"product","2":"type-product","3":"status-publish","4":"has-post-thumbnail","6":"product_cat-tucher-und-geschirrtucher","8":"first","9":"instock","10":"taxable","11":"shipping-taxable","12":"purchasable","13":"product-type-simple"},"acf":[],"_links":{"self":[{"href":"https:\/\/serviclean.be\/de\/wp-json\/wp\/v2\/product\/28549","targetHints":{"allow":["GET"]}}],"collection":[{"href":"https:\/\/serviclean.be\/de\/wp-json\/wp\/v2\/product"}],"about":[{"href":"https:\/\/serviclean.be\/de\/wp-json\/wp\/v2\/types\/product"}],"wp:featuredmedia":[{"embeddable":true,"href":"https:\/\/serviclean.be\/de\/wp-json\/wp\/v2\/media\/28551"}],"wp:attachment":[{"href":"https:\/\/serviclean.be\/de\/wp-json\/wp\/v2\/media?parent=28549"}],"wp:term":[{"taxonomy":"product_brand","embeddable":true,"href":"https:\/\/serviclean.be\/de\/wp-json\/wp\/v2\/product_brand?post=28549"},{"taxonomy":"product_cat","embeddable":true,"href":"https:\/\/serviclean.be\/de\/wp-json\/wp\/v2\/product_cat?post=28549"},{"taxonomy":"product_tag","embeddable":true,"href":"https:\/\/serviclean.be\/de\/wp-json\/wp\/v2\/product_tag?post=28549"}],"curies":[{"name":"wp","href":"https:\/\/api.w.org\/{rel}","templated":true}]}}