{"id":28534,"date":"2022-05-05T16:00:41","date_gmt":"2022-05-05T14:00:41","guid":{"rendered":"https:\/\/serviclean.be\/produit\/green-r-ultra-wash-fluessigwaschmittel-20-liter\/"},"modified":"2022-05-05T16:00:41","modified_gmt":"2022-05-05T14:00:41","slug":"green-r-ultra-wash-fluessigwaschmittel-20-liter","status":"publish","type":"product","link":"https:\/\/serviclean.be\/de\/produit\/green-r-ultra-wash-fluessigwaschmittel-20-liter\/","title":{"rendered":"Green R ULTRA WASH \u2013 Fl\u00fcssigwaschmittel \u2013 20 Liter"},"content":{"rendered":"<p>Green R ULTRA WASH ist ein ultrakonzentriertes enzymatisches Fl\u00fcssigwaschmittel, geeignet f\u00fcr alle Textilarten. Es garantiert eine makellose W\u00e4sche auch bei niedriger Temperatur (ab 30 \u00b0C), schont dabei die Fasern und bewahrt die Leuchtkraft der Farben. In geringer Dosierung angewendet, verleiht es Textilien ihren urspr\u00fcnglichen Glanz zur\u00fcck.  <\/p>\n<p>F\u00fcr eine optimierte Dosierung konzipiert, auch bei sehr hartem Wasser, sorgt es zudem f\u00fcr eine vorbeugende Antikalk-Wirkung in Waschmaschinen und verl\u00e4ngert deren Lebensdauer. Sein frischer Duft nach Ozeanbl\u00fcte hinterl\u00e4sst einen angenehmen, lang anhaltenden Geruch auf der W\u00e4sche. Dieses Waschmittel erf\u00fcllt die strengen Anforderungen des EU-ECOLABELS und vereint Leistung und Umweltfreundlichkeit. Die Verpackung ist zu 100 % recycelbar.   <\/p>\n<p><strong>Anwendung<\/strong><\/p>\n<ul>\n<li>W\u00e4sche nach Farbe, Verschmutzungsgrad und Faserart sortieren.<\/li>\n<li>Maschine mit voller Beladung laufen lassen, ohne zu \u00fcberladen, oder die \u00bd-Ladung-Taste verwenden.<\/li>\n<li>Hartn\u00e4ckige Flecken vorbehandeln.<\/li>\n<li>Bei stark verschmutzter W\u00e4sche eine Vorw\u00e4sche durchf\u00fchren.<\/li>\n<li>Bevorzugen Sie Niedrigtemperaturprogramme, um Energie und Wasser zu sparen.<\/li>\n<li>Mit enth\u00e4rtetem Wasser arbeiten, um die ben\u00f6tigte Dosierung zu reduzieren und die Waschleistung zu optimieren.<\/li>\n<li>Ein Dosierer ist auf Anfrage erh\u00e4ltlich, um die Anwendung zu erleichtern.<\/li>\n<\/ul>\n<p><strong>Hauptmerkmale<\/strong><\/p>\n<ul>\n<li>Ultrakonzentriertes enzymatisches Fl\u00fcssigwaschmittel<\/li>\n<li>Geeignet f\u00fcr alle Textilarten<\/li>\n<li>Wirksam ab 30 \u00b0C<\/li>\n<li>Schont die Fasern und bewahrt die Farben<\/li>\n<li>Vorbeugende Antikalk-Wirkung f\u00fcr die Waschmaschine<\/li>\n<li>Duft Ozeanbl\u00fcte, frisch und lang anhaltend<\/li>\n<li>Entspricht dem EU-ECOLABEL<\/li>\n<li>Verpackung zu 100 % recycelbar<\/li>\n<li>Inhalt: 20 Liter<\/li>\n<\/ul>\n<p><span style=\"color: #008000;\"><strong>Ref.: 5540<\/strong><\/span><\/p>\n","protected":false},"excerpt":{"rendered":"<p>Green R ULTRA WASH, enzymatisches Fl\u00fcssigwaschmittel 20 l, ultrakonzentriert, umweltfreundlich, wirksam ab 30 \u00b0C, schont Fasern und Farben und beugt Kalk vor.<\/p>\n<p><strong><span style=\"color: #008000;\">Ref.: 5540<\/span><\/strong><\/p>\n","protected":false},"featured_media":28538,"template":"","meta":[],"product_brand":[],"product_cat":[602,644],"product_tag":[687],"class_list":{"0":"post-28534","1":"product","2":"type-product","3":"status-publish","4":"has-post-thumbnail","6":"product_cat-waschmittel-und-weichspuler","7":"product_cat-umweltzeichen-produkte","8":"product_tag-greenr","10":"first","11":"instock","12":"taxable","13":"shipping-taxable","14":"purchasable","15":"product-type-simple"},"acf":[],"_links":{"self":[{"href":"https:\/\/serviclean.be\/de\/wp-json\/wp\/v2\/product\/28534","targetHints":{"allow":["GET"]}}],"collection":[{"href":"https:\/\/serviclean.be\/de\/wp-json\/wp\/v2\/product"}],"about":[{"href":"https:\/\/serviclean.be\/de\/wp-json\/wp\/v2\/types\/product"}],"wp:featuredmedia":[{"embeddable":true,"href":"https:\/\/serviclean.be\/de\/wp-json\/wp\/v2\/media\/28538"}],"wp:attachment":[{"href":"https:\/\/serviclean.be\/de\/wp-json\/wp\/v2\/media?parent=28534"}],"wp:term":[{"taxonomy":"product_brand","embeddable":true,"href":"https:\/\/serviclean.be\/de\/wp-json\/wp\/v2\/product_brand?post=28534"},{"taxonomy":"product_cat","embeddable":true,"href":"https:\/\/serviclean.be\/de\/wp-json\/wp\/v2\/product_cat?post=28534"},{"taxonomy":"product_tag","embeddable":true,"href":"https:\/\/serviclean.be\/de\/wp-json\/wp\/v2\/product_tag?post=28534"}],"curies":[{"name":"wp","href":"https:\/\/api.w.org\/{rel}","templated":true}]}}