{"id":28533,"date":"2022-05-03T18:55:49","date_gmt":"2022-05-03T16:55:49","guid":{"rendered":"https:\/\/serviclean.be\/produit\/urinalsieb-mit-duft-2er-set\/"},"modified":"2022-05-03T18:55:49","modified_gmt":"2022-05-03T16:55:49","slug":"urinalsieb-mit-duft-2er-set","status":"publish","type":"product","link":"https:\/\/serviclean.be\/de\/produit\/urinalsieb-mit-duft-2er-set\/","title":{"rendered":"Urinalsieb mit Duft \u2013 2er-Set"},"content":{"rendered":"<p>Urinalsiebe sind eine praktische und hygienische L\u00f6sung, um Ihre Sanit\u00e4ranlagen sauber und angenehm zu halten. Als ideale Barriere gegen Schmutz und Verstopfungen verhindern sie Ablagerungen von R\u00fcckst\u00e4nden und geben gleichzeitig einen integrierten Duft ab, der das Urinal bis zu 30 Tage lang frisch h\u00e4lt. <\/p>\n<p>Sie sind f\u00fcr alle Arten von Urinalen geeignet und werden besonders f\u00fcr \u00f6ffentliche Toiletten mit hoher Besucherfrequenz empfohlen: Restaurants, Bars, Pubs, Caf\u00e9s, Hotels, Gesch\u00e4fte und \u00f6ffentliche Einrichtungen.<br \/>\nZus\u00e4tzlich zur Desodorierung und Reinigung tragen sie dazu bei, das Verstopfen von Leitungen zu verhindern und reduzieren so den Wartungsaufwand der Sanit\u00e4ranlagen.<\/p>\n<p>Ein unverzichtbares Produkt, um Ihren Kunden und Ihrem Personal eine hygienische, frische und einladende Sanit\u00e4rumgebung zu bieten.<\/p>\n<p><strong>Technische Daten:<\/strong><\/p>\n<ul>\n<li>Produktname: Urinalsieb mit Duft<\/li>\n<li>Format: Set mit 2 Sieben<\/li>\n<li>Typ: Hygiene- und Desodorierungszubeh\u00f6r<\/li>\n<\/ul>\n<p><strong>Eigenschaften:<\/strong><\/p>\n<ul>\n<li>Barriere gegen Schmutz und Verstopfungen<\/li>\n<li>Integrierter Duftspender, Wirksamkeit bis zu 30 Tage<\/li>\n<li>Reinigt und desodoriert kontinuierlich<\/li>\n<li>F\u00fcr alle Urinale geeignet<\/li>\n<\/ul>\n<p><strong>Anwendungsbereiche:<\/strong><\/p>\n<ul>\n<li>Restaurants, Bars und Pubs<\/li>\n<li>Caf\u00e9s und Hotels<\/li>\n<li>Gesch\u00e4fte und \u00f6ffentliche Bereiche<\/li>\n<li>\u00d6ffentliche Einrichtungen und professionelle Sanit\u00e4ranlagen<\/li>\n<\/ul>\n<p><strong>Gebrauchsanweisung:<\/strong><\/p>\n<ul>\n<li>Legen Sie ein Sieb direkt in das saubere und trockene Urinal.<\/li>\n<li>Etwa alle 30 Tage austauschen, um Frische und Wirksamkeit zu gew\u00e4hrleisten.<\/li>\n<\/ul>\n","protected":false},"excerpt":{"rendered":"<p>2er-Set Urinalsiebe mit Duft. Sch\u00fctzen vor Schmutz und Verstopfungen, verbreiten Duft bis zu 30 Tage. F\u00fcr alle \u00f6ffentlichen Urinale geeignet.  <\/p>\n<p><strong><span style=\"color: #008000;\">Art.-Nr.: 1461<\/span><\/strong><\/p>\n","protected":false},"featured_media":28536,"template":"","meta":[],"product_brand":[],"product_cat":[614],"product_tag":[],"class_list":{"0":"post-28533","1":"product","2":"type-product","3":"status-publish","4":"has-post-thumbnail","6":"product_cat-sanitarprodukte","8":"first","9":"instock","10":"taxable","11":"shipping-taxable","12":"purchasable","13":"product-type-simple"},"acf":[],"_links":{"self":[{"href":"https:\/\/serviclean.be\/de\/wp-json\/wp\/v2\/product\/28533","targetHints":{"allow":["GET"]}}],"collection":[{"href":"https:\/\/serviclean.be\/de\/wp-json\/wp\/v2\/product"}],"about":[{"href":"https:\/\/serviclean.be\/de\/wp-json\/wp\/v2\/types\/product"}],"wp:featuredmedia":[{"embeddable":true,"href":"https:\/\/serviclean.be\/de\/wp-json\/wp\/v2\/media\/28536"}],"wp:attachment":[{"href":"https:\/\/serviclean.be\/de\/wp-json\/wp\/v2\/media?parent=28533"}],"wp:term":[{"taxonomy":"product_brand","embeddable":true,"href":"https:\/\/serviclean.be\/de\/wp-json\/wp\/v2\/product_brand?post=28533"},{"taxonomy":"product_cat","embeddable":true,"href":"https:\/\/serviclean.be\/de\/wp-json\/wp\/v2\/product_cat?post=28533"},{"taxonomy":"product_tag","embeddable":true,"href":"https:\/\/serviclean.be\/de\/wp-json\/wp\/v2\/product_tag?post=28533"}],"curies":[{"name":"wp","href":"https:\/\/api.w.org\/{rel}","templated":true}]}}