{"id":28526,"date":"2022-05-10T18:57:31","date_gmt":"2022-05-10T16:57:31","guid":{"rendered":"https:\/\/serviclean.be\/produit\/muellsack-90x125-cm-grau-schwarz-ldpe-60\/"},"modified":"2022-05-10T18:57:31","modified_gmt":"2022-05-10T16:57:31","slug":"muellsack-90x125-cm-grau-schwarz-ldpe-60","status":"publish","type":"product","link":"https:\/\/serviclean.be\/de\/produit\/muellsack-90x125-cm-grau-schwarz-ldpe-60\/","title":{"rendered":"M\u00fcllsack 90&#215;125 cm Grau\/Schwarz LDPE 60"},"content":{"rendered":"<p>Grau\/schwarzer M\u00fcllsack 90&#215;120 cm \u2013 T60 aus LDPE. Widerstandsf\u00e4hig, flexibel und wasserdicht, eignet er sich f\u00fcr schwere und sperrige Abf\u00e4lle. Ideal f\u00fcr den intensiven professionellen Einsatz.  <\/p>\n<p>Eigenschaften:<\/p>\n<ul>\n<li>Farbe: Schwarz<\/li>\n<li>Abmessungen: 90 x 125 cm<\/li>\n<li>Fassungsverm\u00f6gen: \u00b1 200 L<\/li>\n<li>Material: LDPE Kunststoff Typ 60<\/li>\n<li>Verpackung: Karton mit 100 S\u00e4cken (10 Rollen \u00e0 10 S\u00e4cke)<\/li>\n<\/ul>\n","protected":false},"excerpt":{"rendered":"<p>Schwarzer M\u00fcllsack 90&#215;125 cm \u2013 T60 aus LDPE. Widerstandsf\u00e4hig, flexibel und wasserdicht, eignet er sich f\u00fcr schwere und sperrige Abf\u00e4lle. Ideal f\u00fcr den intensiven professionellen Einsatz.  <\/p>\n<p><span style=\"color: #008000;\"><strong>Art.-Nr.: 2376, 14410<\/strong><\/span><\/p>\n","protected":false},"featured_media":28530,"template":"","meta":[],"product_brand":[],"product_cat":[652,591],"product_tag":[],"class_list":{"0":"post-28526","1":"product","2":"type-product","3":"status-publish","4":"has-post-thumbnail","6":"product_cat-mullsacke","7":"product_cat-material-zubehor","9":"first","10":"instock","11":"taxable","12":"shipping-taxable","13":"purchasable","14":"product-type-variable"},"acf":[],"_links":{"self":[{"href":"https:\/\/serviclean.be\/de\/wp-json\/wp\/v2\/product\/28526","targetHints":{"allow":["GET"]}}],"collection":[{"href":"https:\/\/serviclean.be\/de\/wp-json\/wp\/v2\/product"}],"about":[{"href":"https:\/\/serviclean.be\/de\/wp-json\/wp\/v2\/types\/product"}],"wp:featuredmedia":[{"embeddable":true,"href":"https:\/\/serviclean.be\/de\/wp-json\/wp\/v2\/media\/28530"}],"wp:attachment":[{"href":"https:\/\/serviclean.be\/de\/wp-json\/wp\/v2\/media?parent=28526"}],"wp:term":[{"taxonomy":"product_brand","embeddable":true,"href":"https:\/\/serviclean.be\/de\/wp-json\/wp\/v2\/product_brand?post=28526"},{"taxonomy":"product_cat","embeddable":true,"href":"https:\/\/serviclean.be\/de\/wp-json\/wp\/v2\/product_cat?post=28526"},{"taxonomy":"product_tag","embeddable":true,"href":"https:\/\/serviclean.be\/de\/wp-json\/wp\/v2\/product_tag?post=28526"}],"curies":[{"name":"wp","href":"https:\/\/api.w.org\/{rel}","templated":true}]}}