{"id":28458,"date":"2020-12-02T11:38:29","date_gmt":"2020-12-02T10:38:29","guid":{"rendered":"https:\/\/serviclean.be\/produit\/muellsack-90-x-120-cm-schwarz-ldpe-t60\/"},"modified":"2020-12-02T11:38:29","modified_gmt":"2020-12-02T10:38:29","slug":"muellsack-90-x-120-cm-schwarz-ldpe-t60","status":"publish","type":"product","link":"https:\/\/serviclean.be\/de\/produit\/muellsack-90-x-120-cm-schwarz-ldpe-t60\/","title":{"rendered":"M\u00fcllsack 90 x 120 cm Schwarz LDPE T60"},"content":{"rendered":"<p>Schwarzer M\u00fcllsack 90 x 120 cm \u2013 T60 aus LDPE. Widerstandsf\u00e4hig, flexibel und wasserdicht, geeignet f\u00fcr schwere und sperrige Abf\u00e4lle. Ideal f\u00fcr den intensiven professionellen Einsatz.  <\/p>\n<p>Eigenschaften:<\/p>\n<ul>\n<li>Farbe: Schwarz<\/li>\n<li>Ma\u00dfe: 90 x 120 cm<\/li>\n<li>Fassungsverm\u00f6gen: \u00b1 110 l<\/li>\n<li>Material: LDPE-Kunststoff Typ 60<\/li>\n<li>Verpackungseinheit: Karton mit 200 S\u00e4cken (10 Rollen \u00e0 20 S\u00e4cke)<\/li>\n<\/ul>\n","protected":false},"excerpt":{"rendered":"<p>Schwarzer M\u00fcllsack 90 x 120 cm \u2013 T60 aus LDPE (Polyethylen niedriger Dichte). Stabil, flexibel und wasserdicht, perfekt geeignet f\u00fcr schwere und sperrige Abf\u00e4lle. Ideal f\u00fcr den intensiven professionellen Einsatz.  <\/p>\n<p><strong><span style=\"color: #008000;\">Art.-Nr.: 5669, 2375<\/span><\/strong><\/p>\n","protected":false},"featured_media":28468,"template":"","meta":[],"product_brand":[],"product_cat":[652,591],"product_tag":[],"class_list":{"0":"post-28458","1":"product","2":"type-product","3":"status-publish","4":"has-post-thumbnail","6":"product_cat-mullsacke","7":"product_cat-material-zubehor","9":"first","10":"onbackorder","11":"taxable","12":"shipping-taxable","13":"purchasable","14":"product-type-variable"},"acf":[],"_links":{"self":[{"href":"https:\/\/serviclean.be\/de\/wp-json\/wp\/v2\/product\/28458","targetHints":{"allow":["GET"]}}],"collection":[{"href":"https:\/\/serviclean.be\/de\/wp-json\/wp\/v2\/product"}],"about":[{"href":"https:\/\/serviclean.be\/de\/wp-json\/wp\/v2\/types\/product"}],"wp:featuredmedia":[{"embeddable":true,"href":"https:\/\/serviclean.be\/de\/wp-json\/wp\/v2\/media\/28468"}],"wp:attachment":[{"href":"https:\/\/serviclean.be\/de\/wp-json\/wp\/v2\/media?parent=28458"}],"wp:term":[{"taxonomy":"product_brand","embeddable":true,"href":"https:\/\/serviclean.be\/de\/wp-json\/wp\/v2\/product_brand?post=28458"},{"taxonomy":"product_cat","embeddable":true,"href":"https:\/\/serviclean.be\/de\/wp-json\/wp\/v2\/product_cat?post=28458"},{"taxonomy":"product_tag","embeddable":true,"href":"https:\/\/serviclean.be\/de\/wp-json\/wp\/v2\/product_tag?post=28458"}],"curies":[{"name":"wp","href":"https:\/\/api.w.org\/{rel}","templated":true}]}}