{"id":28455,"date":"2020-11-15T15:55:00","date_gmt":"2020-11-15T14:55:00","guid":{"rendered":"https:\/\/serviclean.be\/produit\/einweg-haarnetz-100-stk\/"},"modified":"2020-11-15T15:55:00","modified_gmt":"2020-11-15T14:55:00","slug":"einweg-haarnetz-100-stk","status":"publish","type":"product","link":"https:\/\/serviclean.be\/de\/produit\/einweg-haarnetz-100-stk\/","title":{"rendered":"Einweg-Haarnetz 100 Stk."},"content":{"rendered":"<ul>\n<li>Ideal f\u00fcr Gastronomieprofis. Sie gew\u00e4hrleisten Hygiene und verhindern, dass sich Ihre Haare mit Ihren Zubereitungen vermischen. <\/li>\n<li><span class=\"rhsg4\">Box mit 100 Einweg-Haarnetzen<\/span> <span class=\"rhsg4\">zur einmaligen Verwendung<\/span><\/li>\n<li>H\u00e4lt die Haare aus dem Gesicht, ideal f\u00fcr langes Haar<\/li>\n<li>Halt durch ein doppeltes Gummiband, das nicht in direktem Kontakt mit der Haut steht \u2013 f\u00fcr perfekten Komfort<\/li>\n<\/ul>\n<p>&nbsp;<\/p>\n","protected":false},"excerpt":{"rendered":"<p>Das Einweg-Haarnetz ist das ideale Zubeh\u00f6r f\u00fcr Gastronomieprofis: Es garantiert einwandfreie Hygiene und verhindert zugleich, dass sich Ihre Haare mit den Zubereitungen vermischen. In einer Box mit 100 St\u00fcck geliefert, ist dieses K\u00fcchenhaarnetz daf\u00fcr konzipiert, langes Haar aus dem Gesicht zu halten. Das doppelte Gummiband sorgt f\u00fcr sicheren Halt ohne direkten Hautkontakt und bietet so optimalen Komfort w\u00e4hrend Ihrer T\u00e4tigkeit. Entscheiden Sie sich f\u00fcr das Einweg-Haarnetz, um Praktikabilit\u00e4t und Sauberkeit in Ihrem Arbeitsumfeld zu vereinen.   <\/p>\n<p><span style=\"color: #008000;\"><strong>Ref.: 11505, 0483<\/strong><\/span><\/p>\n","protected":false},"featured_media":28461,"template":"","meta":[],"product_brand":[],"product_cat":[604],"product_tag":[],"class_list":{"0":"post-28455","1":"product","2":"type-product","3":"status-publish","4":"has-post-thumbnail","6":"product_cat-schutz","8":"first","9":"instock","10":"taxable","11":"shipping-taxable","12":"purchasable","13":"product-type-variable"},"acf":[],"_links":{"self":[{"href":"https:\/\/serviclean.be\/de\/wp-json\/wp\/v2\/product\/28455","targetHints":{"allow":["GET"]}}],"collection":[{"href":"https:\/\/serviclean.be\/de\/wp-json\/wp\/v2\/product"}],"about":[{"href":"https:\/\/serviclean.be\/de\/wp-json\/wp\/v2\/types\/product"}],"wp:featuredmedia":[{"embeddable":true,"href":"https:\/\/serviclean.be\/de\/wp-json\/wp\/v2\/media\/28461"}],"wp:attachment":[{"href":"https:\/\/serviclean.be\/de\/wp-json\/wp\/v2\/media?parent=28455"}],"wp:term":[{"taxonomy":"product_brand","embeddable":true,"href":"https:\/\/serviclean.be\/de\/wp-json\/wp\/v2\/product_brand?post=28455"},{"taxonomy":"product_cat","embeddable":true,"href":"https:\/\/serviclean.be\/de\/wp-json\/wp\/v2\/product_cat?post=28455"},{"taxonomy":"product_tag","embeddable":true,"href":"https:\/\/serviclean.be\/de\/wp-json\/wp\/v2\/product_tag?post=28455"}],"curies":[{"name":"wp","href":"https:\/\/api.w.org\/{rel}","templated":true}]}}