{"id":28450,"date":"2020-12-02T11:29:00","date_gmt":"2020-12-02T10:29:00","guid":{"rendered":"https:\/\/serviclean.be\/produit\/muellsack-115x145-schwarz-hdpe-12\/"},"modified":"2020-12-02T11:29:00","modified_gmt":"2020-12-02T10:29:00","slug":"muellsack-115x145-schwarz-hdpe-12","status":"publish","type":"product","link":"https:\/\/serviclean.be\/de\/produit\/muellsack-115x145-schwarz-hdpe-12\/","title":{"rendered":"M\u00fcllsack 115&#215;145 Schwarz HDPE 12"},"content":{"rendered":"","protected":false},"excerpt":{"rendered":"<p>M\u00fcllsack 115&#215;145 Schwarz HDPE 12 f\u00fcr Leichtm\u00fcll,<br \/>\nHDPE Typ 12 = f\u00fcr Leichtm\u00fcll<br \/>\nFassungsverm\u00f6gen: \u00b1 240 Liter<br \/>\nFarbe: Schwarz<br \/>\nKarton mit 240 S\u00e4cken (8 Rollen \u00e0 30 St\u00fcck)<br \/>\n<strong>Ref: 2369<\/strong><\/p>\n","protected":false},"featured_media":28456,"template":"","meta":[],"product_brand":[],"product_cat":[652,591],"product_tag":[],"class_list":{"0":"post-28450","1":"product","2":"type-product","3":"status-publish","4":"has-post-thumbnail","6":"product_cat-mullsacke","7":"product_cat-material-zubehor","9":"first","10":"instock","11":"taxable","12":"shipping-taxable","13":"purchasable","14":"product-type-simple"},"acf":[],"_links":{"self":[{"href":"https:\/\/serviclean.be\/de\/wp-json\/wp\/v2\/product\/28450","targetHints":{"allow":["GET"]}}],"collection":[{"href":"https:\/\/serviclean.be\/de\/wp-json\/wp\/v2\/product"}],"about":[{"href":"https:\/\/serviclean.be\/de\/wp-json\/wp\/v2\/types\/product"}],"wp:featuredmedia":[{"embeddable":true,"href":"https:\/\/serviclean.be\/de\/wp-json\/wp\/v2\/media\/28456"}],"wp:attachment":[{"href":"https:\/\/serviclean.be\/de\/wp-json\/wp\/v2\/media?parent=28450"}],"wp:term":[{"taxonomy":"product_brand","embeddable":true,"href":"https:\/\/serviclean.be\/de\/wp-json\/wp\/v2\/product_brand?post=28450"},{"taxonomy":"product_cat","embeddable":true,"href":"https:\/\/serviclean.be\/de\/wp-json\/wp\/v2\/product_cat?post=28450"},{"taxonomy":"product_tag","embeddable":true,"href":"https:\/\/serviclean.be\/de\/wp-json\/wp\/v2\/product_tag?post=28450"}],"curies":[{"name":"wp","href":"https:\/\/api.w.org\/{rel}","templated":true}]}}