{"id":28435,"date":"2021-01-24T16:47:22","date_gmt":"2021-01-24T15:47:22","guid":{"rendered":"https:\/\/serviclean.be\/produit\/burger-box-kraft-braun-300-stk\/"},"modified":"2021-01-24T16:47:22","modified_gmt":"2021-01-24T15:47:22","slug":"burger-box-kraft-braun-300-stk","status":"publish","type":"product","link":"https:\/\/serviclean.be\/de\/produit\/burger-box-kraft-braun-300-stk\/","title":{"rendered":"Burger-Box Kraft braun (300 Stk.)"},"content":{"rendered":"<ul>\n<li class=\"bullet-checkmark\">Ma\u00dfe: 117 x 117 x 76<\/li>\n<li class=\"bullet-checkmark\">300 Stk.\/Karton<\/li>\n<li class=\"bullet-checkmark\">Verkauf pro Karton<\/li>\n<\/ul>\n","protected":false},"excerpt":{"rendered":"<p>Ma\u00dfe: 117 x 117 x 76 mm<\/p>\n<p>Braune Burger-Box mit Deckel. Fettbest\u00e4ndig und mikrowellengeeignet. Biologisch abbaubar und umweltfreundlich. Der Deckel schlie\u00dft sicher, um ein Auslaufen der Speisen zu verhindern. Kartonprodukte sind nat\u00fcrlich sowie recycelbar und stellen eine erschwingliche \u00f6kologische Alternative zu Kunststoff dar.    <\/p>\n","protected":false},"featured_media":28439,"template":"","meta":[],"product_brand":[],"product_cat":[624],"product_tag":[],"class_list":{"0":"post-28435","1":"product","2":"type-product","3":"status-publish","4":"has-post-thumbnail","6":"product_cat-catering","8":"first","9":"instock","10":"taxable","11":"shipping-taxable","12":"purchasable","13":"product-type-simple"},"acf":[],"_links":{"self":[{"href":"https:\/\/serviclean.be\/de\/wp-json\/wp\/v2\/product\/28435","targetHints":{"allow":["GET"]}}],"collection":[{"href":"https:\/\/serviclean.be\/de\/wp-json\/wp\/v2\/product"}],"about":[{"href":"https:\/\/serviclean.be\/de\/wp-json\/wp\/v2\/types\/product"}],"wp:featuredmedia":[{"embeddable":true,"href":"https:\/\/serviclean.be\/de\/wp-json\/wp\/v2\/media\/28439"}],"wp:attachment":[{"href":"https:\/\/serviclean.be\/de\/wp-json\/wp\/v2\/media?parent=28435"}],"wp:term":[{"taxonomy":"product_brand","embeddable":true,"href":"https:\/\/serviclean.be\/de\/wp-json\/wp\/v2\/product_brand?post=28435"},{"taxonomy":"product_cat","embeddable":true,"href":"https:\/\/serviclean.be\/de\/wp-json\/wp\/v2\/product_cat?post=28435"},{"taxonomy":"product_tag","embeddable":true,"href":"https:\/\/serviclean.be\/de\/wp-json\/wp\/v2\/product_tag?post=28435"}],"curies":[{"name":"wp","href":"https:\/\/api.w.org\/{rel}","templated":true}]}}