{"id":28399,"date":"2021-03-19T17:05:58","date_gmt":"2021-03-19T16:05:58","guid":{"rendered":"https:\/\/serviclean.be\/produit\/suppen-und-pastaschalen-8-oz-braun-weiss-240-ml-500-stk\/"},"modified":"2021-03-19T17:05:58","modified_gmt":"2021-03-19T16:05:58","slug":"suppen-und-pastaschalen-8-oz-braun-weiss-240-ml-500-stk","status":"publish","type":"product","link":"https:\/\/serviclean.be\/de\/produit\/suppen-und-pastaschalen-8-oz-braun-weiss-240-ml-500-stk\/","title":{"rendered":"Suppen- und Pastaschalen 8 OZ Braun\/Wei\u00df 240 ml (500 Stk.)"},"content":{"rendered":"<p>Suppenschalen 8 oz (240 ml) braun\/wei\u00df, robust und praktisch. Ideal f\u00fcr Suppen, Br\u00fchen und warme Speisen \u2013 perfekt f\u00fcr Gastronomie und Take-away. <\/p>\n<p><strong>Eigenschaften:<\/strong><\/p>\n<ul>\n<li>Fassungsverm\u00f6gen: 8 OZ \/ 240 ml<\/li>\n<li>Farbe: Braun \/ Wei\u00df<\/li>\n<li>Verwendung: Suppe, Br\u00fche, warme Speisen<\/li>\n<li>Ideal f\u00fcr Gastronomie und Take-away<\/li>\n<\/ul>\n<p><strong>Verpackungseinheit<\/strong>:<\/p>\n<ul>\n<li>Menge pro Karton: 500 Stk.<\/li>\n<\/ul>\n","protected":false},"excerpt":{"rendered":"<p>Suppenschalen 8 OZ \u2013 240 ml Braun\/Wei\u00df<\/p>\n<p><strong><span style=\"color: #008000;\">Ref.: 0097, 2115<\/span><\/strong><\/p>\n","protected":false},"featured_media":28404,"template":"","meta":[],"product_brand":[],"product_cat":[624,686],"product_tag":[],"class_list":{"0":"post-28399","1":"product","2":"type-product","3":"status-publish","4":"has-post-thumbnail","6":"product_cat-catering","7":"product_cat-suppen-und-pastaschalen","9":"first","10":"instock","11":"taxable","12":"shipping-taxable","13":"purchasable","14":"product-type-variable"},"acf":[],"_links":{"self":[{"href":"https:\/\/serviclean.be\/de\/wp-json\/wp\/v2\/product\/28399","targetHints":{"allow":["GET"]}}],"collection":[{"href":"https:\/\/serviclean.be\/de\/wp-json\/wp\/v2\/product"}],"about":[{"href":"https:\/\/serviclean.be\/de\/wp-json\/wp\/v2\/types\/product"}],"wp:featuredmedia":[{"embeddable":true,"href":"https:\/\/serviclean.be\/de\/wp-json\/wp\/v2\/media\/28404"}],"wp:attachment":[{"href":"https:\/\/serviclean.be\/de\/wp-json\/wp\/v2\/media?parent=28399"}],"wp:term":[{"taxonomy":"product_brand","embeddable":true,"href":"https:\/\/serviclean.be\/de\/wp-json\/wp\/v2\/product_brand?post=28399"},{"taxonomy":"product_cat","embeddable":true,"href":"https:\/\/serviclean.be\/de\/wp-json\/wp\/v2\/product_cat?post=28399"},{"taxonomy":"product_tag","embeddable":true,"href":"https:\/\/serviclean.be\/de\/wp-json\/wp\/v2\/product_tag?post=28399"}],"curies":[{"name":"wp","href":"https:\/\/api.w.org\/{rel}","templated":true}]}}