{"id":28265,"date":"2019-05-17T01:58:37","date_gmt":"2019-05-16T23:58:37","guid":{"rendered":"https:\/\/serviclean.be\/produit\/geschirrtuch-mikrofaser-40-x-75-cm-grau\/"},"modified":"2019-05-17T01:58:37","modified_gmt":"2019-05-16T23:58:37","slug":"geschirrtuch-mikrofaser-40-x-75-cm-grau","status":"publish","type":"product","link":"https:\/\/serviclean.be\/de\/produit\/geschirrtuch-mikrofaser-40-x-75-cm-grau\/","title":{"rendered":"Geschirrtuch Mikrofaser 40 x 75 cm grau"},"content":{"rendered":"<p>GRAUES ABTROCKENTUCH. Wabenkreuzgewebe. <\/p>\n<p>&#8211; Gute Waschbest\u00e4ndigkeit.<br \/>\n&#8211; Hervorragende Fl\u00fcssigkeitsaufnahme.<br \/>\n&#8211; Trendige Farbe, die Schmutzspuren nach dem Waschen kaschiert.<\/p>\n<p><strong>2 VERSCHIEDENE VERWENDUNGSM\u00d6GLICHKEITEN:<\/strong><\/p>\n<p><u>F\u00dcR DIE HORECA (Hotels, Restaurants, Caf\u00e9s)<\/u><br \/>\nGeschirrtuch zum Abtrocknen von Gl\u00e4sern, die nicht in die Maschine kommen.<br \/>\nIdeal zur Wasseraufnahme auf Wein- und Biergl\u00e4sern ohne Streifen oder Partikel zu hinterlassen. (zu verwenden mit dem Schwamm und dem Scheuervlies) <\/p>\n<p><u>F\u00dcR INDUSTRIE UND AUTOMOBIL<\/u><\/p>\n<p>In Werkst\u00e4tten und Garagen zur Aufnahme von \u00d6len, Fetten, grobem Schmutz, zum Abwischen wirklich schmutziger H\u00e4nde und Ersatzteile. (zu verwenden mit der Black). <\/p>\n","protected":false},"excerpt":{"rendered":"<p>Geschirrtuch zum Abtrocknen von Gl\u00e4sern, die nicht in die Maschine kommen.<br \/>\nIdeal zur Wasseraufnahme auf Wein- und Biergl\u00e4sern ohne Streifen oder Partikel zu hinterlassen. (zu verwenden mit dem Schwamm und dem Scheuervlies) <\/p>\n<p>Bestimmt f\u00fcr <u>DIE HORECA (Hotels, Restaurants, Caf\u00e9s)<\/u><\/p>\n<p><span style=\"color: #008000;\"><strong>Art.-Nr.: 2902<\/strong><\/span><\/p>\n","protected":false},"featured_media":28271,"template":"","meta":[],"product_brand":[],"product_cat":[616],"product_tag":[],"class_list":{"0":"post-28265","1":"product","2":"type-product","3":"status-publish","4":"has-post-thumbnail","6":"product_cat-tucher-und-geschirrtucher","8":"first","9":"instock","10":"taxable","11":"shipping-taxable","12":"purchasable","13":"product-type-simple"},"acf":[],"_links":{"self":[{"href":"https:\/\/serviclean.be\/de\/wp-json\/wp\/v2\/product\/28265","targetHints":{"allow":["GET"]}}],"collection":[{"href":"https:\/\/serviclean.be\/de\/wp-json\/wp\/v2\/product"}],"about":[{"href":"https:\/\/serviclean.be\/de\/wp-json\/wp\/v2\/types\/product"}],"wp:featuredmedia":[{"embeddable":true,"href":"https:\/\/serviclean.be\/de\/wp-json\/wp\/v2\/media\/28271"}],"wp:attachment":[{"href":"https:\/\/serviclean.be\/de\/wp-json\/wp\/v2\/media?parent=28265"}],"wp:term":[{"taxonomy":"product_brand","embeddable":true,"href":"https:\/\/serviclean.be\/de\/wp-json\/wp\/v2\/product_brand?post=28265"},{"taxonomy":"product_cat","embeddable":true,"href":"https:\/\/serviclean.be\/de\/wp-json\/wp\/v2\/product_cat?post=28265"},{"taxonomy":"product_tag","embeddable":true,"href":"https:\/\/serviclean.be\/de\/wp-json\/wp\/v2\/product_tag?post=28265"}],"curies":[{"name":"wp","href":"https:\/\/api.w.org\/{rel}","templated":true}]}}