{"id":28264,"date":"2019-05-23T01:48:56","date_gmt":"2019-05-22T23:48:56","guid":{"rendered":"https:\/\/serviclean.be\/produit\/ersatz-gummilippe-fuer-unger-abzieher-25-35-45-75-cm\/"},"modified":"2019-05-23T01:48:56","modified_gmt":"2019-05-22T23:48:56","slug":"ersatz-gummilippe-fuer-unger-abzieher-25-35-45-75-cm","status":"publish","type":"product","link":"https:\/\/serviclean.be\/de\/produit\/ersatz-gummilippe-fuer-unger-abzieher-25-35-45-75-cm\/","title":{"rendered":"Ersatz-Gummilippe f\u00fcr Unger-Abzieher 25\/35\/45\/75 cm"},"content":{"rendered":"","protected":false},"excerpt":{"rendered":"<p>Praktisch: Sch\u00fctzt vor Staub und verhindert das Knicken der Gummilippen. Professionell: Sorgt f\u00fcr Ordnung. Qualit\u00e4t: Gummilippen in Profiqualit\u00e4t, robuste Kunststoffbox. Ideal f\u00fcr niedrige Temperaturen. Passt sich besser an unregelm\u00e4\u00dfige Oberfl\u00e4chen an.    <\/p>\n<p><span style=\"color: #008000;\"><strong>Ref.: 0437, 0438, 0439, 0440<\/strong><\/span><\/p>\n","protected":false},"featured_media":28266,"template":"","meta":[],"product_brand":[],"product_cat":[576],"product_tag":[577],"class_list":{"0":"post-28264","1":"product","2":"type-product","3":"status-publish","4":"has-post-thumbnail","6":"product_cat-fensterreinigungszubehor","7":"product_tag-unger","9":"first","10":"instock","11":"taxable","12":"shipping-taxable","13":"purchasable","14":"product-type-variable"},"acf":[],"_links":{"self":[{"href":"https:\/\/serviclean.be\/de\/wp-json\/wp\/v2\/product\/28264","targetHints":{"allow":["GET"]}}],"collection":[{"href":"https:\/\/serviclean.be\/de\/wp-json\/wp\/v2\/product"}],"about":[{"href":"https:\/\/serviclean.be\/de\/wp-json\/wp\/v2\/types\/product"}],"wp:featuredmedia":[{"embeddable":true,"href":"https:\/\/serviclean.be\/de\/wp-json\/wp\/v2\/media\/28266"}],"wp:attachment":[{"href":"https:\/\/serviclean.be\/de\/wp-json\/wp\/v2\/media?parent=28264"}],"wp:term":[{"taxonomy":"product_brand","embeddable":true,"href":"https:\/\/serviclean.be\/de\/wp-json\/wp\/v2\/product_brand?post=28264"},{"taxonomy":"product_cat","embeddable":true,"href":"https:\/\/serviclean.be\/de\/wp-json\/wp\/v2\/product_cat?post=28264"},{"taxonomy":"product_tag","embeddable":true,"href":"https:\/\/serviclean.be\/de\/wp-json\/wp\/v2\/product_tag?post=28264"}],"curies":[{"name":"wp","href":"https:\/\/api.w.org\/{rel}","templated":true}]}}