{"id":28212,"date":"2023-09-22T18:31:13","date_gmt":"2023-09-22T16:31:13","guid":{"rendered":"https:\/\/serviclean.be\/produit\/brauner-hamburgerbeutel-beidseitig-offen-17x18-cm-500-stk\/"},"modified":"2023-09-22T18:31:13","modified_gmt":"2023-09-22T16:31:13","slug":"brauner-hamburgerbeutel-beidseitig-offen-17x18-cm-500-stk","status":"publish","type":"product","link":"https:\/\/serviclean.be\/de\/produit\/brauner-hamburgerbeutel-beidseitig-offen-17x18-cm-500-stk\/","title":{"rendered":"Brauner Hamburgerbeutel, beidseitig offen, 17&#215;18 cm, 500 Stk."},"content":{"rendered":"<p>Die beidseitig offenen Beutel eignen sich perfekt f\u00fcr Hamburger, Kebabs, Pizzen, Hot Dogs und Cr\u00eapes. <b>Unerl\u00e4sslich <\/b>f\u00fcr Betriebe, die im Take-away- und Streetfood-Bereich t\u00e4tig sind.<\/p>\n<p>Ihre \u00d6ffnung an zwei der vier Seiten des Beutels erm\u00f6glicht ein einfaches und <b>schnelles<\/b> Einf\u00fchren der Produkte und optimiert so die Arbeitszeit. Die fettdichte Beschichtung des Verpackungspapiers verhindert die \u00dcbertragung von \u00d6len und Fetten, wodurch <b>Flecken und Tropfen vermieden werden<\/b>. <\/p>\n<p>Die Vorteile sind vielf\u00e4ltig:<\/p>\n<ul>\n<li>Leicht und widerstandsf\u00e4hig<\/li>\n<li>Langlebig und umweltfreundlich<\/li>\n<li>Fettbest\u00e4ndig<\/li>\n<li>F\u00fcr Hei\u00dfes und Kaltes geeignet<\/li>\n<\/ul>\n","protected":false},"excerpt":{"rendered":"<p>Brauner Hamburgerbeutel aus Kraftpapier, 500 St\u00fcck<\/p>\n<p><strong><span style=\"color: #008000;\">REF: 2405<\/span><\/strong><\/p>\n","protected":false},"featured_media":28215,"template":"","meta":[],"product_brand":[],"product_cat":[624,640],"product_tag":[],"class_list":{"0":"post-28212","1":"product","2":"type-product","3":"status-publish","4":"has-post-thumbnail","6":"product_cat-catering","7":"product_cat-beutel-taschen","9":"first","10":"instock","11":"taxable","12":"shipping-taxable","13":"purchasable","14":"product-type-simple"},"acf":[],"_links":{"self":[{"href":"https:\/\/serviclean.be\/de\/wp-json\/wp\/v2\/product\/28212","targetHints":{"allow":["GET"]}}],"collection":[{"href":"https:\/\/serviclean.be\/de\/wp-json\/wp\/v2\/product"}],"about":[{"href":"https:\/\/serviclean.be\/de\/wp-json\/wp\/v2\/types\/product"}],"wp:featuredmedia":[{"embeddable":true,"href":"https:\/\/serviclean.be\/de\/wp-json\/wp\/v2\/media\/28215"}],"wp:attachment":[{"href":"https:\/\/serviclean.be\/de\/wp-json\/wp\/v2\/media?parent=28212"}],"wp:term":[{"taxonomy":"product_brand","embeddable":true,"href":"https:\/\/serviclean.be\/de\/wp-json\/wp\/v2\/product_brand?post=28212"},{"taxonomy":"product_cat","embeddable":true,"href":"https:\/\/serviclean.be\/de\/wp-json\/wp\/v2\/product_cat?post=28212"},{"taxonomy":"product_tag","embeddable":true,"href":"https:\/\/serviclean.be\/de\/wp-json\/wp\/v2\/product_tag?post=28212"}],"curies":[{"name":"wp","href":"https:\/\/api.w.org\/{rel}","templated":true}]}}