{"id":28208,"date":"2023-09-05T16:54:09","date_gmt":"2023-09-05T14:54:09","guid":{"rendered":"https:\/\/serviclean.be\/produit\/reinigungswagen-green-480-rilsan-ohne-presse\/"},"modified":"2023-09-05T16:54:09","modified_gmt":"2023-09-05T14:54:09","slug":"reinigungswagen-green-480-rilsan-ohne-presse","status":"publish","type":"product","link":"https:\/\/serviclean.be\/de\/produit\/reinigungswagen-green-480-rilsan-ohne-presse\/","title":{"rendered":"REINIGUNGSWAGEN GREEN 480 RILSAN OHNE PRESSE"},"content":{"rendered":"<p>1 Eimer mit Henkel am Rand, 6 l, blau<br \/>\n1 Eimer mit Henkel am Rand, 6 l, rot<br \/>\n1 Eimer mit Henkel am Rand, 6 l, gelb<br \/>\n1 Eimer mit Henkel am Rand, 6 l, gr\u00fcn<br \/>\n1 Stielhalter f\u00fcr Rundrohrholme \u00f8 22 mm, schraubenloser Verschluss, gr\u00fcn<br \/>\n1 Eimer 15 l, blau<br \/>\n1 Eimer 15 l, rot<br \/>\n2 Metallholme Rilsan, wei\u00df<br \/>\n1 Pressenhalterung aus Rilsan-Metall, wei\u00df<br \/>\n2 Gro\u00dfe Mittelschalen, 38&#215;49 cm, f\u00fcr 4 Eimer \u00e0 6 l<br \/>\n1 Set Aufkleber f\u00fcr Eimer<br \/>\n1 Gro\u00dfe Basis Green, 100&#215;49 cm, mit Rollen \u00f8 100 mm<br \/>\n<strong><span style=\"color: #008000;\">Zugeh\u00f6rige Artikel gegen Aufpreis<\/span><\/strong><br \/>\n1 Klappbarer Sackhalter f\u00fcr Green-Wagen, Kapazit\u00e4t 120 l<br \/>\n1 Sackhalter-Ablage mit blauem Clip<br \/>\n1 Kunststoff-Backenpresse<\/p>\n","protected":false},"excerpt":{"rendered":"<p>Vielseitiger Reinigungswagen aus Polypropylen und Metall mit Zubeh\u00f6r zur Anpassung an jeden Reinigungsvorgang. Ideal f\u00fcr die Reinigung mittlerer und gro\u00dfer Fl\u00e4chen, bei denen der Mopp ausgesp\u00fclt werden muss. <\/p>\n<p><strong><span style=\"color: #008000;\">REF: 5854<\/span><\/strong><\/p>\n","protected":false},"featured_media":28210,"template":"","meta":[],"product_brand":[],"product_cat":[606],"product_tag":[],"class_list":{"0":"post-28208","1":"product","2":"type-product","3":"status-publish","4":"has-post-thumbnail","6":"product_cat-reinigungswagen-staubsauger","8":"first","9":"instock","10":"taxable","11":"shipping-taxable","12":"purchasable","13":"product-type-simple"},"acf":[],"_links":{"self":[{"href":"https:\/\/serviclean.be\/de\/wp-json\/wp\/v2\/product\/28208","targetHints":{"allow":["GET"]}}],"collection":[{"href":"https:\/\/serviclean.be\/de\/wp-json\/wp\/v2\/product"}],"about":[{"href":"https:\/\/serviclean.be\/de\/wp-json\/wp\/v2\/types\/product"}],"wp:featuredmedia":[{"embeddable":true,"href":"https:\/\/serviclean.be\/de\/wp-json\/wp\/v2\/media\/28210"}],"wp:attachment":[{"href":"https:\/\/serviclean.be\/de\/wp-json\/wp\/v2\/media?parent=28208"}],"wp:term":[{"taxonomy":"product_brand","embeddable":true,"href":"https:\/\/serviclean.be\/de\/wp-json\/wp\/v2\/product_brand?post=28208"},{"taxonomy":"product_cat","embeddable":true,"href":"https:\/\/serviclean.be\/de\/wp-json\/wp\/v2\/product_cat?post=28208"},{"taxonomy":"product_tag","embeddable":true,"href":"https:\/\/serviclean.be\/de\/wp-json\/wp\/v2\/product_tag?post=28208"}],"curies":[{"name":"wp","href":"https:\/\/api.w.org\/{rel}","templated":true}]}}