{"id":28202,"date":"2022-10-16T22:43:00","date_gmt":"2022-10-16T20:43:00","guid":{"rendered":"https:\/\/serviclean.be\/produit\/deckel-kaffeebecher-weiss-schwarz-dome-4oz-120ml-1000stk\/"},"modified":"2022-10-16T22:43:00","modified_gmt":"2022-10-16T20:43:00","slug":"deckel-kaffeebecher-weiss-schwarz-dome-4oz-120ml-1000stk","status":"publish","type":"product","link":"https:\/\/serviclean.be\/de\/produit\/deckel-kaffeebecher-weiss-schwarz-dome-4oz-120ml-1000stk\/","title":{"rendered":"Deckel Kaffeebecher Wei\u00df\/Schwarz Dome 4oz\/120ml 1000Stk"},"content":{"rendered":"<p>Ideal f\u00fcr Tee, Kaffee, hei\u00dfe Schokolade und Suppe. Unsere Becherdeckel sind perfekt f\u00fcr alle Hei\u00dfgetr\u00e4nke. Dieser Deckel hat eine passende Gr\u00f6\u00dfe und ist eine ausgezeichnete L\u00f6sung f\u00fcr die meisten Becher f\u00fcr Kaffeemaschinen.  <\/p>\n<p>Diese Deckel sind perfekt f\u00fcr Gastronomie, Events, Horeca und Food-Trucks<\/p>\n<p>Fassungsverm\u00f6gen: 120ml \/ 4oz<\/p>\n<p>Farbe: Wei\u00df<\/p>\n<p>Material: PS<\/p>\n<p>Karton: 10x100Stk<\/p>\n","protected":false},"excerpt":{"rendered":"<p>Praktische Deckel f\u00fcr Hei\u00dfgetr\u00e4nke (Kaffee, Tee, Schokolade, Suppe), kompatibel mit den meisten Bechern. Perfekt f\u00fcr Horeca, Events und Food-Trucks. <\/p>\n<p><span style=\"color: #008000;\"><strong>Ref: 0641, 0632<\/strong><\/span><\/p>\n","protected":false},"featured_media":28205,"template":"","meta":[],"product_brand":[],"product_cat":[624,672,667],"product_tag":[],"class_list":{"0":"post-28202","1":"product","2":"type-product","3":"status-publish","4":"has-post-thumbnail","6":"product_cat-catering","7":"product_cat-kaffeebecher-deckel","8":"product_cat-pappbecher-aus-kraftpapier","10":"first","11":"instock","12":"taxable","13":"shipping-taxable","14":"purchasable","15":"product-type-variable"},"acf":[],"_links":{"self":[{"href":"https:\/\/serviclean.be\/de\/wp-json\/wp\/v2\/product\/28202","targetHints":{"allow":["GET"]}}],"collection":[{"href":"https:\/\/serviclean.be\/de\/wp-json\/wp\/v2\/product"}],"about":[{"href":"https:\/\/serviclean.be\/de\/wp-json\/wp\/v2\/types\/product"}],"wp:featuredmedia":[{"embeddable":true,"href":"https:\/\/serviclean.be\/de\/wp-json\/wp\/v2\/media\/28205"}],"wp:attachment":[{"href":"https:\/\/serviclean.be\/de\/wp-json\/wp\/v2\/media?parent=28202"}],"wp:term":[{"taxonomy":"product_brand","embeddable":true,"href":"https:\/\/serviclean.be\/de\/wp-json\/wp\/v2\/product_brand?post=28202"},{"taxonomy":"product_cat","embeddable":true,"href":"https:\/\/serviclean.be\/de\/wp-json\/wp\/v2\/product_cat?post=28202"},{"taxonomy":"product_tag","embeddable":true,"href":"https:\/\/serviclean.be\/de\/wp-json\/wp\/v2\/product_tag?post=28202"}],"curies":[{"name":"wp","href":"https:\/\/api.w.org\/{rel}","templated":true}]}}